{"id":7884,"date":"2015-06-29T14:23:09","date_gmt":"2015-06-29T12:23:09","guid":{"rendered":"https:\/\/bluestarplanning.com\/summary\/"},"modified":"2023-03-08T14:42:04","modified_gmt":"2023-03-08T13:42:04","slug":"zusammenfassung","status":"publish","type":"page","link":"https:\/\/bluestarplanning.com\/de\/zusammenfassung\/","title":{"rendered":"Zusammenfassung"},"content":{"rendered":"<p>[vc_row heading_color=&#8220;light&#8220; bg_type=&#8220;color&#8220; header_feature=&#8220;yes&#8220; padding_top=&#8220;120&#8243; padding_bottom=&#8220;120&#8243; bg_color=&#8220;#121b43&#8243; font_color=&#8220;#cbcbcb&#8220; margin_bottom=&#8220;0&#8243;][vc_column css=&#8220;.vc_custom_1650872304392{padding-right: 15% !important;padding-left: 15% !important;}&#8220;]<div class=\"eut-element eut-image eut-animated-item eut-fadeInUp eut-align-center\" style=\"\" data-delay=\"0\"><img loading=\"lazy\" decoding=\"async\" width=\"14289\" height=\"3825\" src=\"https:\/\/bluestarplanning.com\/wp-content\/uploads\/2022\/04\/7-aps-modules-Horizontaal-WHITE.png\" class=\"attachment-full size-full\" alt=\"\" srcset=\"https:\/\/bluestarplanning.com\/wp-content\/uploads\/2022\/04\/7-aps-modules-Horizontaal-WHITE.png 14289w, https:\/\/bluestarplanning.com\/wp-content\/uploads\/2022\/04\/7-aps-modules-Horizontaal-WHITE-300x80.png 300w, https:\/\/bluestarplanning.com\/wp-content\/uploads\/2022\/04\/7-aps-modules-Horizontaal-WHITE-1024x274.png 1024w, https:\/\/bluestarplanning.com\/wp-content\/uploads\/2022\/04\/7-aps-modules-Horizontaal-WHITE-768x206.png 768w, https:\/\/bluestarplanning.com\/wp-content\/uploads\/2022\/04\/7-aps-modules-Horizontaal-WHITE-1536x411.png 1536w, https:\/\/bluestarplanning.com\/wp-content\/uploads\/2022\/04\/7-aps-modules-Horizontaal-WHITE-1920x514.png 1920w, https:\/\/bluestarplanning.com\/wp-content\/uploads\/2022\/04\/7-aps-modules-Horizontaal-WHITE-600x161.png 600w\" sizes=\"auto, (max-width: 14289px) 100vw, 14289px\" \/><\/div><div class=\"eut-element eut-slogan eut-align-center eut-animated-item eut-fadeInUp\" style=\"\" data-delay=\"50\"><h2 class=\"eut-slogan-title eut-align-center eut-title-no-line\"><span>Machen Sie die Planung zu Ihrem Hauptprozess<\/span><\/h2>  <p class=\"\">Die Berechnungen werden mit hoher Geschwindigkeit f\u00fcr alle Ihre Produktionsauftr\u00e4ge durchgef\u00fchrt, immer und immer wieder. Anstatt zu versuchen, das Feuer zu l\u00f6schen, kennen Sie immer den aktuellen Stand der Produktion und k\u00f6nnen schnell neue Entscheidungen treffen. Vor allem in kritischen Momenten wie ver\u00e4nderten Kundenw\u00fcnschen, ver\u00e4nderten Rohstoffbest\u00e4nden und Eilauftr\u00e4gen.<\/p><\/div>[\/vc_column][\/vc_row][vc_row flex_height=&#8220;yes&#8220; margin_bottom=&#8220;0&#8243;][vc_column width=&#8220;1\/2&#8243; tablet_sm_width=&#8220;1&#8243; css=&#8220;.vc_custom_1650872041513{background-image: url(https:\/\/bluestarplanning.com\/wp-content\/uploads\/2022\/04\/ipad-printing.jpg?id=6405) !important;background-position: center !important;background-repeat: no-repeat !important;background-size: cover !important;}&#8220;][vc_empty_space height=&#8220;400&#8243;][\/vc_column][vc_column width=&#8220;1\/2&#8243; tablet_sm_width=&#8220;1&#8243; css=&#8220;.vc_custom_1438943157780{padding-top: 8% !important;padding-right: 8% !important;padding-bottom: 8% !important;padding-left: 8% !important;}&#8220;]<div class=\"eut-element eut-box-icon eut-align-left eut-medium eut-animated-item eut-fadeInUp\" style=\"\" data-delay=\"50\">  <div class=\"eut-wrapper-icon eut-no-shape eut-color-grey\"><i class=\"vc_li vc_li-diamond eut-color-grey\"><\/i><\/div>  <div class=\"eut-box-content\">      <h4 class=\"eut-box-title\">Unser Fachwissen<\/h4>    <p class=\"\">Von der erfolgreichen Implementierung unserer ERP\/MIS-Plattform bis zum Betrieb unserer eigenen Etiketten- und Linerless-Fabrik. Alle Erfahrungen sind in unserer Software-Plattform enthalten<\/p>  <\/div><\/div><div class=\"eut-element eut-hr \" style=\"\"><div class=\"eut-line-divider\"><\/div><\/div><div class=\"eut-element eut-box-icon eut-align-left eut-medium eut-animated-item eut-fadeInUp\" style=\"\" data-delay=\"100\">  <div class=\"eut-wrapper-icon eut-no-shape eut-color-grey\"><i class=\"vc_li vc_li-lab eut-color-grey\"><\/i><\/div>  <div class=\"eut-box-content\">      <h4 class=\"eut-box-title\">Unsere Innovation<\/h4>    <p class=\"\">Unsere Softwareplattform verf\u00fcgt \u00fcber Intelligenz und fortschrittliche Algorithmen zur Automatisierung der Produktionsplanung<\/p>  <\/div><\/div><div class=\"eut-element eut-hr \" style=\"\"><div class=\"eut-line-divider\"><\/div><\/div><div class=\"eut-element eut-box-icon eut-align-left eut-medium eut-animated-item eut-fadeInUp\" style=\"\" data-delay=\"150\">  <div class=\"eut-wrapper-icon eut-no-shape eut-color-grey\"><i class=\"vc_li vc_li-lock eut-color-grey\"><\/i><\/div>  <div class=\"eut-box-content\">      <h4 class=\"eut-box-title\">Unser Versprechen<\/h4>    <p class=\"\">Wir haben einen klaren Vier-Stufen-Plan f\u00fcr Ihren Erfolg, und wir besprechen und planen die Machbarkeit sorgf\u00e4ltig gemeinsam<\/p>  <\/div><\/div>[\/vc_column][\/vc_row][vc_row][vc_column css=&#8220;.vc_custom_1650882372222{padding-top: 3% !important;padding-bottom: 3% !important;}&#8220;]<div class=\"eut-element eut-hr \" style=\"\"><div class=\"eut-line-divider\"><\/div><\/div><div class=\"eut-element eut-list eut-list-check \" style=\"margin-bottom: 0px;\"><h2>Was bringen wir auf den Tisch?<\/h2>\n<ul>\n<li>Vermeiden Sie ungeplante Ausfallzeiten, unn\u00f6tige Umr\u00fcstzeiten und Verschwendung<\/li>\n<li>Optimieren Sie den Produktionsablauf an Maschinen und Abteilungen<\/li>\n<li>die Bearbeitung von Auftr\u00e4gen und anderen Datenprozessen f\u00fcr die gesamte Fabrik transparent machen<\/li>\n<li>Einblicke in verschiedene Einschr\u00e4nkungen und Engp\u00e4sse von Anlagen und Prozessen zu gewinnen und alle Abh\u00e4ngigkeiten zu ber\u00fccksichtigen<\/li>\n<li>Reagieren Sie schnell auf Variablen und ver\u00e4nderte Bedingungen durch automatische Planungsvorschl\u00e4ge<\/li>\n<li>Planungsentscheidungen auf strategischer, taktischer und operativer Ebene zu treffen<\/li>\n<li>Echtzeit-Status erm\u00f6glicht die \u00dcberwachung von Prognosen w\u00e4hrend des Produktionsprozesses und die rechtzeitige Signalisierung<\/li>\n<li>L\u00e4sst sich nahtlos als Add-on in bestehende Systeme integrieren, um den Zeitplan anzuzeigen und den Echtzeitstatus zu verfolgen<\/li>\n<\/ul>\n<p>&nbsp;<\/p>\n<p>Wenn Sie unsere Software und unser Wissen auf Ihren komplexen Produktionsprozess anwenden, k\u00f6nnen Sie sofort von einer Software profitieren, die stets eine effiziente Produktionsplanung erm\u00f6glicht.<\/p>\n<p>Wir tun dies, indem wir die transaktionalen Auftragsdaten aus Ihrer ERP\/MIS-Software nutzen und in verwertbare Daten umwandeln, um auf der Grundlage der Variablen und Abh\u00e4ngigkeiten, mit denen Sie zu tun haben, Planvorschl\u00e4ge zu machen. Mit der interaktiven Plantafel k\u00f6nnen Sie sofort die erwartete Produktivit\u00e4t, Abh\u00e4ngigkeiten und M\u00f6glichkeiten sowie Was-w\u00e4re-wenn-Szenarien sehen.<\/p>\n<\/div>[\/vc_column][\/vc_row][vc_row heading_color=&#8220;light&#8220; bg_type=&#8220;color&#8220; footer_feature=&#8220;yes&#8220; font_color=&#8220;rgba(255,255,255,0.8)&#8220; bg_color=&#8220;#121b43&#8243; padding_top=&#8220;70&#8243; padding_bottom=&#8220;70&#8243; margin_bottom=&#8220;0&#8243;][vc_column]<div class=\"eut-element eut-callout eut-animated-item eut-fadeInUp eut-btn-bottom\" style=\"\">  <div class=\"eut-callout-wrapper\"><h3 class=\"eut-callout-content\">Testversion anfordern<\/h3>    <p class=\"eut-leader-text\">Gef\u00e4llt Ihnen, was Sie sehen, und m\u00f6chten Sie nicht auf eine Gelegenheit zur Steigerung Ihrer Produktivit\u00e4t verzichten? Setzen Sie sich mit uns in Verbindung und wir werden pr\u00fcfen, was wir f\u00fcr Ihr Team tun k\u00f6nnen.<\/p>  <\/div>  <div class=\"eut-button-wrapper\"><a class=\"eut-btn eut-btn-medium eut-round eut-bg-primary-1\" href=\"https:\/\/bluestarplanning.com\/de\/kontakt\/\" target=\"_self\" style=\"\"><span>Antrag auf ein Treffen<\/span><\/a>  <\/div><\/div>[\/vc_column][\/vc_row]<\/p>\n","protected":false},"excerpt":{"rendered":"<p>[vc_row heading_color=&#8220;light&#8220; bg_type=&#8220;color&#8220; header_feature=&#8220;yes&#8220; padding_top=&#8220;120&#8243; padding_bottom=&#8220;120&#8243; bg_color=&#8220;#121b43&#8243; font_color=&#8220;#cbcbcb&#8220; margin_bottom=&#8220;0&#8243;][vc_column css=&#8220;.vc_custom_1650872304392{padding-right: 15% !important;padding-left: 15% !important;}&#8220;][\/vc_column][\/vc_row][vc_row flex_height=&#8220;yes&#8220; margin_bottom=&#8220;0&#8243;][vc_column width=&#8220;1\/2&#8243; tablet_sm_width=&#8220;1&#8243; css=&#8220;.vc_custom_1650872041513{background-image: url(https:\/\/bluestarplanning.com\/wp-content\/uploads\/2022\/04\/ipad-printing.jpg?id=6405) !important;background-position: center !important;background-repeat: no-repeat !important;background-size: cover !important;}&#8220;][vc_empty_space height=&#8220;400&#8243;][\/vc_column][vc_column width=&#8220;1\/2&#8243; tablet_sm_width=&#8220;1&#8243; css=&#8220;.vc_custom_1438943157780{padding-top: 8% !important;padding-right: 8% !important;padding-bottom: 8% !important;padding-left: 8% !important;}&#8220;][\/vc_column][\/vc_row][vc_row][vc_column css=&#8220;.vc_custom_1650882372222{padding-top: 3% !important;padding-bottom: 3% !important;}&#8220;][\/vc_column][\/vc_row][vc_row heading_color=&#8220;light&#8220; bg_type=&#8220;color&#8220; footer_feature=&#8220;yes&#8220; font_color=&#8220;rgba(255,255,255,0.8)&#8220; bg_color=&#8220;#121b43&#8243; padding_top=&#8220;70&#8243; padding_bottom=&#8220;70&#8243; margin_bottom=&#8220;0&#8243;][vc_column][\/vc_column][\/vc_row]<\/p>\n","protected":false},"author":1,"featured_media":0,"parent":0,"menu_order":0,"comment_status":"closed","ping_status":"closed","template":"","meta":{"footnotes":""},"class_list":["post-7884","page","type-page","status-publish","hentry"],"_links":{"self":[{"href":"https:\/\/bluestarplanning.com\/de\/wp-json\/wp\/v2\/pages\/7884","targetHints":{"allow":["GET"]}}],"collection":[{"href":"https:\/\/bluestarplanning.com\/de\/wp-json\/wp\/v2\/pages"}],"about":[{"href":"https:\/\/bluestarplanning.com\/de\/wp-json\/wp\/v2\/types\/page"}],"author":[{"embeddable":true,"href":"https:\/\/bluestarplanning.com\/de\/wp-json\/wp\/v2\/users\/1"}],"replies":[{"embeddable":true,"href":"https:\/\/bluestarplanning.com\/de\/wp-json\/wp\/v2\/comments?post=7884"}],"version-history":[{"count":6,"href":"https:\/\/bluestarplanning.com\/de\/wp-json\/wp\/v2\/pages\/7884\/revisions"}],"predecessor-version":[{"id":7899,"href":"https:\/\/bluestarplanning.com\/de\/wp-json\/wp\/v2\/pages\/7884\/revisions\/7899"}],"wp:attachment":[{"href":"https:\/\/bluestarplanning.com\/de\/wp-json\/wp\/v2\/media?parent=7884"}],"curies":[{"name":"wp","href":"https:\/\/api.w.org\/{rel}","templated":true}]}}