{"id":7844,"date":"2015-07-24T17:44:47","date_gmt":"2015-07-24T15:44:47","guid":{"rendered":"https:\/\/bluestarplanning.com\/about-us\/"},"modified":"2023-03-06T10:21:45","modified_gmt":"2023-03-06T09:21:45","slug":"uber-uns","status":"publish","type":"page","link":"https:\/\/bluestarplanning.com\/de\/uber-uns\/","title":{"rendered":"\u00dcber Uns"},"content":{"rendered":"<p>[vc_row middle_content=&#8220;yes&#8220;][vc_column width=&#8220;1\/2&#8243;]<h4 class=\"eut-element eut-align-left eut-title-no-line eut-animated-item eut-fadeInLeft\" style=\"\" data-delay=\"50\"><span>Wir atmen Etiketten<\/span><\/h4>[vc_column_text animation=&#8220;fadeInLeft&#8220; animation_delay=&#8220;50&#8243;]Unsere Geschichte beginnt in den 80er Jahren mit der Gr\u00fcndung der Etikettendruckerei Starlabel. Damals beschichteten Etikettendrucker ihr Material noch selbst. Aber Computer spielten bereits eine Rolle und unsere Produktionsplanung war mit unserer eigenen Software in DBasic transparent.<\/p>\n<p>20 Jahre sp\u00e4ter haben wir eine Low-Code-Plattform f\u00fcr ERP\/MIS entwickelt. Branchen in Produktion mit spezieller Parametrierung profitieren enorm von der Flexibilit\u00e4t der Software. Weit verbreitet in der Stahlindustrie und nat\u00fcrlich in unserer eigenen Etiketten- und Linerless-Druckerei.<\/p>\n<p>Doch die minuti\u00f6se Planung der Produktionsjobs \u00fcber alle Druckmaschinen und Abteilungen hinweg war nicht vollautomatisiert und effizient. Daf\u00fcr haben wir jetzt die Softwareplattform entwickelt. Automatische Produktionsplanung: Der effizienteste Produktionsablauf in Ihrer Fabrik basierend auf Ihren Parametern.[\/vc_column_text][\/vc_column][vc_column width=&#8220;1\/2&#8243;]<div class=\"eut-element eut-image eut-animated-item eut-fadeInLeft eut-align-center\" style=\"\" data-delay=\"50\"><img loading=\"lazy\" decoding=\"async\" width=\"814\" height=\"1024\" src=\"https:\/\/bluestarplanning.com\/wp-content\/uploads\/2022\/04\/etiketten-814x1024.jpg\" class=\"attachment-large size-large\" alt=\"\" srcset=\"https:\/\/bluestarplanning.com\/wp-content\/uploads\/2022\/04\/etiketten-814x1024.jpg 814w, https:\/\/bluestarplanning.com\/wp-content\/uploads\/2022\/04\/etiketten-239x300.jpg 239w, https:\/\/bluestarplanning.com\/wp-content\/uploads\/2022\/04\/etiketten-768x966.jpg 768w, https:\/\/bluestarplanning.com\/wp-content\/uploads\/2022\/04\/etiketten-1221x1536.jpg 1221w, https:\/\/bluestarplanning.com\/wp-content\/uploads\/2022\/04\/etiketten-1629x2048.jpg 1629w, https:\/\/bluestarplanning.com\/wp-content\/uploads\/2022\/04\/etiketten-1527x1920.jpg 1527w, https:\/\/bluestarplanning.com\/wp-content\/uploads\/2022\/04\/etiketten-600x755.jpg 600w\" sizes=\"auto, (max-width: 814px) 100vw, 814px\" \/><\/div>[\/vc_column][\/vc_row][vc_row bg_type=&#8220;color&#8220; bg_color=&#8220;#313340&#8243; padding_top=&#8220;60&#8243; padding_bottom=&#8220;60&#8243;][vc_column width=&#8220;1\/3&#8243;]<div class=\"eut-element eut-box-icon eut-align-left eut-medium eut-animated-item eut-fadeInUp\" style=\"\" data-delay=\"50\">  <div class=\"eut-wrapper-icon eut-no-shape eut-color-grey\"><i class=\"vc_li vc_li-diamond eut-color-white\"><\/i><\/div>  <div class=\"eut-box-content\">      <h5 class=\"eut-box-title\">Unser Fachwissen<\/h5>    <p class=\"\">Von der erfolgreichen Implementierung unserer ERP-Plattform bis zum Betrieb von Etiketten- und Linerless-Fabriken sind alle unsere Erfahrungen in die Plattform eingeflossen.<\/p>  <\/div><\/div>[\/vc_column][vc_column width=&#8220;1\/3&#8243;]<div class=\"eut-element eut-box-icon eut-align-left eut-medium eut-animated-item eut-fadeInUp\" style=\"\" data-delay=\"50\">  <div class=\"eut-wrapper-icon eut-no-shape eut-color-grey\"><i class=\"vc_li vc_li-lab eut-color-white\"><\/i><\/div>  <div class=\"eut-box-content\">      <h5 class=\"eut-box-title\">Unsere Innovation<\/h5>    <p class=\"\">Unsere Softwareplattform verf\u00fcgt \u00fcber Intelligenz und fortschrittliche Algorithmen zur Automatisierung der Produktionsplanung.<\/p>  <\/div><\/div>[\/vc_column][vc_column width=&#8220;1\/3&#8243;]<div class=\"eut-element eut-box-icon eut-align-left eut-medium eut-animated-item eut-fadeInUp\" style=\"\" data-delay=\"50\">  <div class=\"eut-wrapper-icon eut-no-shape eut-color-grey\"><i class=\"vc_li vc_li-lock eut-color-white\"><\/i><\/div>  <div class=\"eut-box-content\">      <h5 class=\"eut-box-title\">Unser Versprechen<\/h5>    <p class=\"\">Wir haben einen klaren Vier-Stufen-Plan f\u00fcr Ihren Erfolg, und wir besprechen und planen die Machbarkeit sorgf\u00e4ltig gemeinsam.<\/p>  <\/div><\/div>[\/vc_column][\/vc_row][vc_row header_feature=&#8220;yes&#8220; padding_top=&#8220;120&#8243; padding_bottom=&#8220;90&#8243; margin_bottom=&#8220;0&#8243;][vc_column width=&#8220;1\/2&#8243;][vc_column_text animation=&#8220;fadeInUp&#8220;]<\/p>\n<h2>Blue Star Planning<br \/>\nTeam<\/h2>\n<p>[\/vc_column_text][\/vc_column][vc_column width=&#8220;1\/2&#8243; css=&#8220;.vc_custom_1438361986724{border-left-width: 1px !important;padding-top: 20px !important;padding-bottom: 20px !important;border-left-color: #e6e6e6 !important;border-left-style: solid !important;}&#8220;][vc_column_text animation=&#8220;fadeInUp&#8220;]<\/p>\n<h2>Mit Sitz im<br \/>\nHerzen von Rotterdam<\/h2>\n<p>[\/vc_column_text][\/vc_column][\/vc_row][vc_row padding_bottom=&#8220;90&#8243; margin_bottom=&#8220;0&#8243;][vc_column width=&#8220;1\/2&#8243; tablet_sm_width=&#8220;1&#8243;]<div class=\"eut-element eut-image eut-animated-item eut-fadeInUp eut-align-center\" style=\"\" data-delay=\"50\"><img loading=\"lazy\" decoding=\"async\" width=\"600\" height=\"800\" src=\"https:\/\/bluestarplanning.com\/wp-content\/uploads\/2022\/04\/MicrosoftTeams-image-600x800.jpg\" class=\"attachment-eut-image-small-rect-vertical size-eut-image-small-rect-vertical\" alt=\"\" \/><\/div>[\/vc_column][vc_column width=&#8220;1\/2&#8243; tablet_sm_width=&#8220;1&#8243;][vc_column_text text_style=&#8220;leader-text&#8220; animation=&#8220;fadeInUp&#8220; animation_delay=&#8220;50&#8243; css=&#8220;.vc_custom_1678094324725{margin-bottom: 40px !important;}&#8220;]hat unser Team eine Plattform entwickelt, die die Planungs- und Dispositionsprozesse in der Produktionsbranche verbessert. Wenn Sie <strong>Spa\u00df am Planen, Optimieren und Querdenken haben<\/strong>, sehen Sie sich die Positionen an, die wir zu besetzen haben:[\/vc_column_text][vc_column_text]<\/p>\n<h4>Zurzeit sind keine Stellen zu besetzen.<\/h4>\n<p>[\/vc_column_text][\/vc_column][\/vc_row][vc_row desktop_visibility=&#8220;hide&#8220; tablet_visibility=&#8220;hide&#8220; tablet_sm_visibility=&#8220;hide&#8220; mobile_visibility=&#8220;hide&#8220; padding_bottom=&#8220;90&#8243; margin_bottom=&#8220;0&#8243;][vc_column width=&#8220;1\/2&#8243; tablet_sm_width=&#8220;1&#8243;]<div class=\"eut-element eut-image eut-animated-item eut-fadeInUp eut-align-center\" style=\"\" data-delay=\"50\"><img loading=\"lazy\" decoding=\"async\" width=\"600\" height=\"800\" src=\"https:\/\/bluestarplanning.com\/wp-content\/uploads\/2022\/04\/MicrosoftTeams-image-600x800.jpg\" class=\"attachment-eut-image-small-rect-vertical size-eut-image-small-rect-vertical\" alt=\"\" \/><\/div>[\/vc_column][vc_column width=&#8220;1\/2&#8243; tablet_sm_width=&#8220;1&#8243;][vc_column_text text_style=&#8220;leader-text&#8220; animation=&#8220;fadeInUp&#8220; animation_delay=&#8220;50&#8243; css=&#8220;.vc_custom_1665491466434{margin-bottom: 40px !important;}&#8220;]our team has developed a platform that improves planning and scheduling processes for production industries. If you <strong>enjoy planning, optimizing, and thinking out of the box<\/strong>, check out the positions we&#8217;re hiring for:[\/vc_column_text][vc_tta_accordion c_icon=&#8220;chevron&#8220; active_section=&#8220;&#8220; collapsible_all=&#8220;true&#8220;][vc_tta_section title=&#8220;Backend Software Engineer&#8220; tab_id=&#8220;1675074546271-718fdafc-8fcd&#8220;][vc_column_text]Here at\u00a0Blue Star Planning, we&#8217;ve created a low-code platform that is all about optimizing large-scale factory production. The platform is developed in .Net and deployed in Microservices. Alongside specialized knowledge, the software engineer position requires affinity with math and algorithms as specialized algorithms are what provide production planning insights to our customers.<\/p>\n<p><strong>Backend Software Engineer responsibilities include:<\/strong><\/p>\n<ul>\n<li>building APIs, database integration, and adding new features<\/li>\n<li>backend configuration and deployment<\/li>\n<li>developing clean, scalable, and high-performance code<\/li>\n<li>regular collaboration with our developer team<\/li>\n<\/ul>\n<p><strong>Required skills:<\/strong><\/p>\n<ul>\n<li>medior\/senior level of experience with .Net, Visual Studio, and C#<\/li>\n<li>good problem-solving skills: you love solving puzzles and have a user-centered approach<\/li>\n<li>you have a strong passion for coding<\/li>\n<li>degree in Computer Science (BA or Master)<\/li>\n<\/ul>\n<p><strong>What we offer to you:<\/strong><\/p>\n<ul>\n<li>challenging and fun job in an international office<\/li>\n<li>organized SCRUM working environment (2-week sprints)<\/li>\n<li>our team structure leaves you plenty of space to pick your path of professional growth (eg technical consultancy)<\/li>\n<li>a structured approach to your growth (bi-yearly performance and salary reviews)<\/li>\n<li>team support on improving your coding skills, learning about new web technologies<\/li>\n<li>office in the city center (in other words: there are all possible commute connections and plenty of lunch options)<\/li>\n<li>competitive salary (estimated range of \u20ac3,500 &#8211; \u20ac4,500 per month) based on experience<\/li>\n<\/ul>\n<p><strong>How to apply:<\/strong><\/p>\n<p><strong>1st step<\/strong><b>:\u00a0<\/b>send us the code you are most proud of! It can be something you&#8217;ll code especially for us, but it could also be a part of a code you have created for a different project.<\/p>\n<p><strong>2nd\u00a0step<\/strong><b>:\u00a0<\/b>qualified candidates will be invited to join us for a conversation and a coding challenge in our office.<\/p>\n<p><strong>3rd step<\/strong><b>:\u00a0<\/b>if we believe you&#8217;d be a good fit for our team, we&#8217;ll make you an offer and hope to see you in the office soon!<\/p>\n<p><span data-preserver-spaces=\"true\">If you would like to be a part of our core development team working on our low-code platform for production automation, send an email with your CV and the code you&#8217;re happy to share to\u00a0<\/span><a class=\"editor-rtfLink\" href=\"mailto:ivan@bluestarplanning.com\" target=\"_blank\" rel=\"noopener\"><span data-preserver-spaces=\"true\">ivan@bluestarplanning.com<\/span><\/a><span data-preserver-spaces=\"true\">.\u00a0<\/span>[\/vc_column_text][\/vc_tta_section][vc_tta_section title=&#8220;Frontend Developer&#8220; tab_id=&#8220;1675074546358-4642c2e8-0347&#8243;][vc_column_text]Here at Blue Star Planning, we&#8217;ve created a low-code platform that is all about optimizing large-scale factory production. The platform is developed in .Net and deployed in Microservices. We believe that with our specialism in creating Advanced Planning and Scheduling software, we can create the ideal production planning (sequence) to maximize the output of machines by reducing waste in time and materials. In this way, planning becomes the primary process, which we try to make the norm for all industries around the world to reduce waste in general.<\/p>\n<p>As a full-time experienced <strong>Frontend Developer<\/strong>, you will fit into our team if you share an interest in developing a sophisticated ERP and MIS cloud platform solution that optimizes large-scale manufacturing processes. The skills that we are looking for are the following:<\/p>\n<ul>\n<li>Proficiency in TypeScript is a must<\/li>\n<li>Experience with React \u2013 or any other framework\/library<\/li>\n<li>Fluency in English (our office is bilingual, but we mostly communicate in English)<\/li>\n<li>Object orientated programming experience<\/li>\n<li>Proactive and analytical approach to daily tasks<\/li>\n<li>RxJS is a bonus<\/li>\n<\/ul>\n<p><strong>What we offer to you:<\/strong><\/p>\n<ul>\n<li>challenging and fun job in an international office<\/li>\n<li>organized SCRUM working environment (2-week sprints)<\/li>\n<li>our team structure leaves you plenty of space to pick your path of professional growth (eg technical consultancy)<\/li>\n<li>a structured approach to your growth (bi-yearly performance and salary reviews)<\/li>\n<li>team support on improving your coding skills, learning about new web technologies<\/li>\n<li>office in the city center (in other words: there are all possible commute connections and plenty of lunch options)<\/li>\n<li>competitive salary (estimated range of \u20ac3,500 &#8211; \u20ac4,500 per month) based on experience<\/li>\n<\/ul>\n<p><strong>How to apply:<\/strong><\/p>\n<p><strong>1st step<\/strong><b>:\u00a0<\/b>send us the code you are most proud of! It can be something you&#8217;ll code especially for us, but it could also be a part of a code you have created for a different project.<\/p>\n<p><strong>2nd\u00a0step<\/strong><b>:\u00a0<\/b>qualified candidates will be invited to join us for a conversation and a coding challenge in our office.<\/p>\n<p><strong>3rd step<\/strong><b>:\u00a0<\/b>if we believe you&#8217;d be a good fit for our team, we&#8217;ll make you an offer and hope to see you in the office soon!<\/p>\n<p><span data-preserver-spaces=\"true\">If you would like to be a part of our core development team working on our low-code platform for production automation, send an email with your CV and the code you&#8217;re happy to share to\u00a0<\/span><a class=\"editor-rtfLink\" href=\"mailto:ivan@bluestarplanning.com\" target=\"_blank\" rel=\"noopener\"><span data-preserver-spaces=\"true\">ivan@bluestarplanning.com<\/span><\/a><span data-preserver-spaces=\"true\">.\u00a0<\/span>[\/vc_column_text][\/vc_tta_section][vc_tta_section title=&#8220;Econometrics student or part-time job&#8220; tab_id=&#8220;1675074546446-88e6cc44-3f49&#8243;][vc_column_text]The low-code platform we&#8217;ve developed at Blue Star Planning focuses on increasing the efficiency of large-scale factory production. Our specialized algorithm provides production planning insights and suggestions to our customers, increasing their OEE (overall equipment effectiveness) and preserving production resources.<\/p>\n<p>The low-code platform we&#8217;ve developed at Blue Star Planning focuses on increasing the efficiency of large-scale factory production. Our specialized algorithm provides production planning insights and suggestions to our customers, increasing their OEE (overall equipment effectiveness) and preserving production resources.<\/p>\n<p><strong>As an Econometrician, we expect you to be familiar with constrained-based planning, the traveling salesman problem, and benchmarks fitting in mass production. In this role, you will create algorithms to meet the demand of large-scale production.<\/strong><\/p>\n<p><strong>What we offer to you:<\/strong><\/p>\n<ul>\n<li>challenging and fun part-time role in an international office<\/li>\n<li>organized SCRUM working environment (2-week sprints)<\/li>\n<li>a structured approach to your growth (bi-yearly performance and salary reviews)<\/li>\n<li>team support on improving your technical skills<\/li>\n<li>office in the city center (in other words: there are all possible commute connections and plenty of lunch options)<\/li>\n<li>competitive salary based on your experience<\/li>\n<\/ul>\n<p><strong>How to apply:<\/strong><\/p>\n<p><span data-preserver-spaces=\"true\">If you would like to be a part of our core development team working on our low-code platform for production automation, send an email with your CV to <\/span><a class=\"editor-rtfLink\" href=\"mailto:ivan@bluestarplanning.com\" target=\"_blank\" rel=\"noopener\"><span data-preserver-spaces=\"true\">ivan@bluestarplanning.com<\/span><\/a><span data-preserver-spaces=\"true\">. I&#8217;d be happy to discuss the opportunities we have available.<\/span>[\/vc_column_text][\/vc_tta_section][\/vc_tta_accordion][\/vc_column][\/vc_row][vc_row heading_color=&#8220;light&#8220; bg_type=&#8220;color&#8220; footer_feature=&#8220;yes&#8220; padding_top=&#8220;70&#8243; padding_bottom=&#8220;70&#8243; font_color=&#8220;rgba(255,255,255,0.85)&#8220; bg_color=&#8220;#313340&#8243;][vc_column]<div class=\"eut-element eut-slogan eut-align-center eut-animated-item eut-fadeInUp\" style=\"\" data-delay=\"100\"><h2 class=\"eut-slogan-title eut-align-center eut-title-no-line\"><span>Sie haben keine passende Stelle gefunden, glauben aber, dass wir gut zusammenpassen? Dann lassen Sie uns wissen, wo Sie Ihrer Meinung nach hinpassen w\u00fcrden:<\/span><\/h2><\/div><p class=\"wpcf7-contact-form-not-found\"><strong>Fehler:<\/strong> Kontaktformular wurde nicht gefunden.<\/p>[\/vc_column][\/vc_row]<\/p>\n","protected":false},"excerpt":{"rendered":"<p>[vc_row middle_content=&#8220;yes&#8220;][vc_column width=&#8220;1\/2&#8243;][vc_column_text animation=&#8220;fadeInLeft&#8220; animation_delay=&#8220;50&#8243;]Unsere Geschichte beginnt in den 80er Jahren mit der Gr\u00fcndung der Etikettendruckerei Starlabel. Damals beschichteten Etikettendrucker ihr Material noch selbst. Aber Computer spielten bereits eine Rolle und unsere Produktionsplanung war mit unserer eigenen Software in DBasic transparent. 20 Jahre sp\u00e4ter haben wir eine Low-Code-Plattform f\u00fcr ERP\/MIS entwickelt. Branchen in Produktion mit [&hellip;]<\/p>\n","protected":false},"author":1,"featured_media":0,"parent":0,"menu_order":0,"comment_status":"closed","ping_status":"closed","template":"","meta":{"footnotes":""},"class_list":["post-7844","page","type-page","status-publish","hentry"],"_links":{"self":[{"href":"https:\/\/bluestarplanning.com\/de\/wp-json\/wp\/v2\/pages\/7844","targetHints":{"allow":["GET"]}}],"collection":[{"href":"https:\/\/bluestarplanning.com\/de\/wp-json\/wp\/v2\/pages"}],"about":[{"href":"https:\/\/bluestarplanning.com\/de\/wp-json\/wp\/v2\/types\/page"}],"author":[{"embeddable":true,"href":"https:\/\/bluestarplanning.com\/de\/wp-json\/wp\/v2\/users\/1"}],"replies":[{"embeddable":true,"href":"https:\/\/bluestarplanning.com\/de\/wp-json\/wp\/v2\/comments?post=7844"}],"version-history":[{"count":4,"href":"https:\/\/bluestarplanning.com\/de\/wp-json\/wp\/v2\/pages\/7844\/revisions"}],"predecessor-version":[{"id":7854,"href":"https:\/\/bluestarplanning.com\/de\/wp-json\/wp\/v2\/pages\/7844\/revisions\/7854"}],"wp:attachment":[{"href":"https:\/\/bluestarplanning.com\/de\/wp-json\/wp\/v2\/media?parent=7844"}],"curies":[{"name":"wp","href":"https:\/\/api.w.org\/{rel}","templated":true}]}}