{"id":7804,"date":"2015-07-01T14:48:14","date_gmt":"2015-07-01T12:48:14","guid":{"rendered":"https:\/\/bluestarplanning.com\/?page_id=7804"},"modified":"2023-03-08T14:45:35","modified_gmt":"2023-03-08T13:45:35","slug":"einfuehrung","status":"publish","type":"page","link":"https:\/\/bluestarplanning.com\/de\/einfuehrung\/","title":{"rendered":"Einfuehrung"},"content":{"rendered":"<p>[vc_row header_feature=&#8220;yes&#8220; padding_top=&#8220;0&#8243; section_id=&#8220;features&#8220; padding_bottom=&#8220;0&#8243;][vc_column css=&#8220;.vc_custom_1653052112785{padding-right: 15% !important;padding-left: 15% !important;}&#8220;]<div class=\"eut-element eut-slogan eut-align-center\" style=\"\"><\/div>[\/vc_column][\/vc_row][vc_row padding_top=&#8220;60&#8243; padding_bottom=&#8220;60&#8243; margin_bottom=&#8220;0&#8243; section_id=&#8220;analytics&#8220;][vc_column width=&#8220;1\/3&#8243;]<div class=\"eut-element eut-pie-chart eut-animated-item eut-fadeInUp\" style=\"\" data-delay=\"0\">  <div class=\"eut-chart-number\" data-percent=\"15\" data-pie-active-color=\"#eb208d\" data-pie-color=\"#f1f1f1\" data-pie-line-cap=\"round\" data-pie-line-size=\"4\">    <span class=\"eut-counter\">15%<\/span>  <\/div>\t  <h5 class=\"eut-chart-title\">H\u00f6here Produktivit\u00e4t<\/h5>      <p>Steigerung der Produktivit\u00e4t durch die Implementierung von L\u00f6sungen f\u00fcr Vergleiche und Verbesserungen<\/p><\/div>[\/vc_column][vc_column width=&#8220;1\/3&#8243;]<div class=\"eut-element eut-pie-chart eut-animated-item eut-fadeInUp\" style=\"\" data-delay=\"50\">  <div class=\"eut-chart-number\" data-percent=\"20\" data-pie-active-color=\"#eb208d\" data-pie-color=\"#f1f1f1\" data-pie-line-cap=\"round\" data-pie-line-size=\"4\">    <span class=\"eut-counter\">20%<\/span>  <\/div>\t  <h5 class=\"eut-chart-title\">Verk\u00fcrzung der Zykluszeiten<\/h5>      <p>Intelligente Terminplanung reduziert die Zykluszeiten um durchschnittlich 20%<\/p><\/div>[\/vc_column][vc_column width=&#8220;1\/3&#8243;]<div class=\"eut-element eut-pie-chart eut-animated-item eut-fadeInUp\" style=\"\" data-delay=\"100\">  <div class=\"eut-chart-number\" data-percent=\"100\" data-pie-active-color=\"#eb208d\" data-pie-color=\"#f1f1f1\" data-pie-line-cap=\"round\" data-pie-line-size=\"4\">    <span class=\"eut-counter\">100%<\/span>  <\/div>\t  <h5 class=\"eut-chart-title\">100% Kundenzufriedenheit<\/h5>      <p>Verbessertes Erwartungsmanagement durch realistisches Verst\u00e4ndnis der Produktionskapazit\u00e4ten<\/p><\/div>[\/vc_column][\/vc_row][vc_row heading_color=&#8220;light&#8220; bg_type=&#8220;image&#8220; bg_image=&#8220;7345&#8243; bg_image_type=&#8220;parallax&#8220; color_overlay=&#8220;dark&#8220; opacity_overlay=&#8220;20&#8243; padding_top=&#8220;120&#8243; padding_bottom=&#8220;120&#8243; margin_bottom=&#8220;0&#8243; font_color=&#8220;#efefef&#8220;][vc_column css=&#8220;.vc_custom_1653052122842{padding-right: 5% !important;padding-left: 5% !important;}&#8220;]<div class=\"eut-element eut-slogan eut-align-center\" style=\"\"><h2 class=\"eut-slogan-title eut-align-center eut-title-no-line\"><span>Schaffen Sie sich einen Vorteil, ohne ein Risiko einzugehen<\/span><\/h2>  <p class=\"eut-leader-text\">Die Plattform erm\u00f6glicht Ihnen eine sorgf\u00e4ltige Planung und Verbesserung der bestehenden Terminplanung, ohne dass Sie in Ihre laufenden Termine eingreifen m\u00fcssen. Nutzen Sie diesen Vorteil, um Ihr Leistungsniveau zu steigern und gleichzeitig Ihre aktuelle Arbeitskapazit\u00e4t zu erhalten.<\/p><\/div>[\/vc_column][\/vc_row][vc_row margin_bottom=&#8220;0&#8243; padding_top=&#8220;90&#8243; padding_bottom=&#8220;90&#8243;][vc_column width=&#8220;1\/3&#8243;]<div class=\"eut-element eut-image eut-animated-item eut-fadeInUp eut-align-center\" style=\"\" data-delay=\"0\"><img loading=\"lazy\" decoding=\"async\" width=\"600\" height=\"600\" src=\"https:\/\/bluestarplanning.com\/wp-content\/uploads\/2022\/05\/MicrosoftTeams-image-3-1-e1652434053360-600x600.png\" class=\"attachment-eut-image-small-square size-eut-image-small-square\" alt=\"\" srcset=\"https:\/\/bluestarplanning.com\/wp-content\/uploads\/2022\/05\/MicrosoftTeams-image-3-1-e1652434053360-600x600.png 600w, https:\/\/bluestarplanning.com\/wp-content\/uploads\/2022\/05\/MicrosoftTeams-image-3-1-e1652434053360-150x150.png 150w, https:\/\/bluestarplanning.com\/wp-content\/uploads\/2022\/05\/MicrosoftTeams-image-3-1-e1652434053360-1120x1120.png 1120w, https:\/\/bluestarplanning.com\/wp-content\/uploads\/2022\/05\/MicrosoftTeams-image-3-1-e1652434053360-300x300.png 300w, https:\/\/bluestarplanning.com\/wp-content\/uploads\/2022\/05\/MicrosoftTeams-image-3-1-e1652434053360-100x100.png 100w\" sizes=\"auto, (max-width: 600px) 100vw, 600px\" \/><\/div><div class=\"eut-element eut-box eut-align-left eut-animated-item eut-fadeInUp\" style=\"\" data-delay=\"0\">  <div class=\"eut-box-content\">    <a href=\"https:\/\/bluestarplanning.com\/de\/plattform\/\" target=\"_self\"><h5 class=\"eut-box-title\">Was kann unsere Plattform bieten, was Ihr bestehendes ERP nicht kann?<\/h5>    <\/a>    <p><\/p>    <a href=\"https:\/\/bluestarplanning.com\/de\/plattform\/\" target=\"_self\" class=\"eut-read-more\">Mehr lesen<\/a>  <\/div><\/div>[\/vc_column][vc_column width=&#8220;1\/3&#8243;]<div class=\"eut-element eut-image eut-animated-item eut-fadeInUp eut-align-center\" style=\"\" data-delay=\"50\"><img loading=\"lazy\" decoding=\"async\" width=\"600\" height=\"600\" src=\"https:\/\/bluestarplanning.com\/wp-content\/uploads\/2022\/05\/cloud-plan-engine-03-edit-1-600x600.png\" class=\"attachment-eut-image-small-square size-eut-image-small-square\" alt=\"\" srcset=\"https:\/\/bluestarplanning.com\/wp-content\/uploads\/2022\/05\/cloud-plan-engine-03-edit-1-600x600.png 600w, https:\/\/bluestarplanning.com\/wp-content\/uploads\/2022\/05\/cloud-plan-engine-03-edit-1-300x300.png 300w, https:\/\/bluestarplanning.com\/wp-content\/uploads\/2022\/05\/cloud-plan-engine-03-edit-1-1024x1024.png 1024w, https:\/\/bluestarplanning.com\/wp-content\/uploads\/2022\/05\/cloud-plan-engine-03-edit-1-150x150.png 150w, https:\/\/bluestarplanning.com\/wp-content\/uploads\/2022\/05\/cloud-plan-engine-03-edit-1-768x768.png 768w, https:\/\/bluestarplanning.com\/wp-content\/uploads\/2022\/05\/cloud-plan-engine-03-edit-1-1536x1536.png 1536w, https:\/\/bluestarplanning.com\/wp-content\/uploads\/2022\/05\/cloud-plan-engine-03-edit-1-1120x1120.png 1120w, https:\/\/bluestarplanning.com\/wp-content\/uploads\/2022\/05\/cloud-plan-engine-03-edit-1-1920x1920.png 1920w, https:\/\/bluestarplanning.com\/wp-content\/uploads\/2022\/05\/cloud-plan-engine-03-edit-1-100x100.png 100w\" sizes=\"auto, (max-width: 600px) 100vw, 600px\" \/><\/div><div class=\"eut-element eut-box eut-align-left eut-animated-item eut-fadeInUp\" style=\"\" data-delay=\"50\">  <div class=\"eut-box-content\">    <a href=\"https:\/\/bluestarplanning.com\/de\/dienstleistungen\/\" target=\"_self\"><h5 class=\"eut-box-title\">K\u00f6nnen wir die Plattform in Ihr bestehendes System integrieren?<\/h5>    <\/a>    <p><\/p>    <a href=\"https:\/\/bluestarplanning.com\/de\/dienstleistungen\/\" target=\"_self\" class=\"eut-read-more\">Mehr lesen<\/a>  <\/div><\/div>[\/vc_column][vc_column width=&#8220;1\/3&#8243;]<div class=\"eut-element eut-image eut-animated-item eut-fadeInUp eut-align-center\" style=\"\" data-delay=\"100\"><img loading=\"lazy\" decoding=\"async\" width=\"600\" height=\"600\" src=\"https:\/\/bluestarplanning.com\/wp-content\/uploads\/2022\/05\/afif-kusuma-RjqCk9MqhNg-unsplash-600x600.jpg\" class=\"attachment-eut-image-small-square size-eut-image-small-square\" alt=\"\" srcset=\"https:\/\/bluestarplanning.com\/wp-content\/uploads\/2022\/05\/afif-kusuma-RjqCk9MqhNg-unsplash-600x600.jpg 600w, https:\/\/bluestarplanning.com\/wp-content\/uploads\/2022\/05\/afif-kusuma-RjqCk9MqhNg-unsplash-150x150.jpg 150w, https:\/\/bluestarplanning.com\/wp-content\/uploads\/2022\/05\/afif-kusuma-RjqCk9MqhNg-unsplash-1120x1120.jpg 1120w, https:\/\/bluestarplanning.com\/wp-content\/uploads\/2022\/05\/afif-kusuma-RjqCk9MqhNg-unsplash-300x300.jpg 300w, https:\/\/bluestarplanning.com\/wp-content\/uploads\/2022\/05\/afif-kusuma-RjqCk9MqhNg-unsplash-100x100.jpg 100w\" sizes=\"auto, (max-width: 600px) 100vw, 600px\" \/><\/div><div class=\"eut-element eut-box eut-align-left eut-animated-item eut-fadeInUp\" style=\"\" data-delay=\"100\">  <div class=\"eut-box-content\">    <a href=\"https:\/\/bluestarplanning.com\/de\/zusammenfassung\/\" target=\"_self\"><h5 class=\"eut-box-title\">Was hat unsere Plattform sonst noch zu bieten?<\/h5>    <\/a>    <p><\/p>    <a href=\"https:\/\/bluestarplanning.com\/de\/zusammenfassung\/\" target=\"_self\" class=\"eut-read-more\">Mehr lesen<\/a>  <\/div><\/div>[\/vc_column][\/vc_row][vc_row margin_bottom=&#8220;0&#8243;][vc_column]<div class=\"eut-element eut-hr \" style=\"\"><div class=\"eut-line-divider\"><\/div><\/div>[\/vc_column][\/vc_row][vc_row flex_height=&#8220;yes&#8220; middle_content=&#8220;yes&#8220; section_id=&#8220;responsive&#8220; padding_top=&#8220;90&#8243; padding_bottom=&#8220;0&#8243; margin_bottom=&#8220;0&#8243;][vc_column width=&#8220;1\/2&#8243; tablet_sm_width=&#8220;1&#8243;]<div class=\"eut-element eut-box-icon eut-align-left eut-medium\" style=\"\"><a href=\"https:\/\/bluestarplanning.com\/blog\/archive\/the-impact-of-expertise\/\" target=\"_self\">  <div class=\"eut-wrapper-icon eut-no-shape eut-color-grey\"><i class=\"vc_li vc_li-diamond eut-color-grey\"><\/i><\/div><\/a>  <div class=\"eut-box-content\"><a href=\"https:\/\/bluestarplanning.com\/blog\/archive\/the-impact-of-expertise\/\" target=\"_self\">      <h4 class=\"eut-box-title\">Unser Fachwissen<\/h4><\/a>    <p class=\"\">Von der erfolgreichen Implementierung unserer ERP\/MIS-Plattform bis zum Betrieb unserer eigenen Etiketten- und Linerless-Fabrik. Alle Erfahrungen sind in unserer Software-Plattform enthalten.<\/p>  <\/div><\/div><div class=\"eut-element eut-box-icon eut-align-left eut-medium\" style=\"\"><a href=\"https:\/\/bluestarplanning.com\/blog\/archive\/optimization-integrated-at-the-touch-of-one-button\/\" target=\"_self\">  <div class=\"eut-wrapper-icon eut-no-shape eut-color-grey\"><i class=\"vc_li vc_li-lab eut-color-grey\"><\/i><\/div><\/a>  <div class=\"eut-box-content\"><a href=\"https:\/\/bluestarplanning.com\/blog\/archive\/optimization-integrated-at-the-touch-of-one-button\/\" target=\"_self\">      <h4 class=\"eut-box-title\">Unsere Innovation<\/h4><\/a>    <p class=\"\">Unsere Softwareplattform verf\u00fcgt \u00fcber Intelligenz und fortschrittliche Algorithmen zur Automatisierung der Produktionsplanung.<\/p>  <\/div><\/div><div class=\"eut-element eut-box-icon eut-align-left eut-medium\" style=\"\"><a href=\"https:\/\/bluestarplanning.com\/#pillars\" target=\"_self\">  <div class=\"eut-wrapper-icon eut-no-shape eut-color-grey\"><i class=\"vc_li vc_li-lock eut-color-grey\"><\/i><\/div><\/a>  <div class=\"eut-box-content\"><a href=\"https:\/\/bluestarplanning.com\/#pillars\" target=\"_self\">      <h4 class=\"eut-box-title\">Unser Versprechen<\/h4><\/a>    <p class=\"\">Wir haben einen klaren Vier-Stufen-Plan f\u00fcr Ihren Erfolg, und wir besprechen und planen die Machbarkeit sorgf\u00e4ltig gemeinsam.<\/p>  <\/div><\/div>[\/vc_column][vc_column width=&#8220;1\/2&#8243; tablet_sm_width=&#8220;1&#8243;]<div class=\"eut-element eut-image eut-animated-item eut-fadeInRight eut-align-center\" style=\"\" data-delay=\"50\"><img loading=\"lazy\" decoding=\"async\" width=\"802\" height=\"1024\" src=\"https:\/\/bluestarplanning.com\/wp-content\/uploads\/2022\/04\/pexels-fauxels-3184612-1-e1649065936650-802x1024.webp\" class=\"attachment-large size-large\" alt=\"\" srcset=\"https:\/\/bluestarplanning.com\/wp-content\/uploads\/2022\/04\/pexels-fauxels-3184612-1-e1649065936650-802x1024.webp 802w, https:\/\/bluestarplanning.com\/wp-content\/uploads\/2022\/04\/pexels-fauxels-3184612-1-e1649065936650-235x300.webp 235w, https:\/\/bluestarplanning.com\/wp-content\/uploads\/2022\/04\/pexels-fauxels-3184612-1-e1649065936650-768x981.webp 768w, https:\/\/bluestarplanning.com\/wp-content\/uploads\/2022\/04\/pexels-fauxels-3184612-1-e1649065936650-1202x1536.webp 1202w, https:\/\/bluestarplanning.com\/wp-content\/uploads\/2022\/04\/pexels-fauxels-3184612-1-e1649065936650-600x766.webp 600w, https:\/\/bluestarplanning.com\/wp-content\/uploads\/2022\/04\/pexels-fauxels-3184612-1-e1649065936650.webp 1503w\" sizes=\"auto, (max-width: 802px) 100vw, 802px\" \/><\/div>[\/vc_column][\/vc_row][vc_row bg_type=&#8220;color&#8220; padding_top=&#8220;120&#8243; section_id=&#8220;contact&#8220;][vc_column width=&#8220;1\/4&#8243; mobile_width=&#8220;1-2&#8243;][\/vc_column][vc_column width=&#8220;1\/2&#8243;]\n<div class=\"wpcf7 no-js\" id=\"wpcf7-f7396-o1\" lang=\"en-US\" dir=\"ltr\">\n<div class=\"screen-reader-response\"><p role=\"status\" aria-live=\"polite\" aria-atomic=\"true\"><\/p> <ul><\/ul><\/div>\n<form action=\"\/de\/wp-json\/wp\/v2\/pages\/7804#wpcf7-f7396-o1\" method=\"post\" class=\"wpcf7-form init\" aria-label=\"Contact form\" novalidate=\"novalidate\" data-status=\"init\">\n<div style=\"display: none;\">\n<input type=\"hidden\" name=\"_wpcf7\" value=\"7396\" \/>\n<input type=\"hidden\" name=\"_wpcf7_version\" value=\"5.9.3\" \/>\n<input type=\"hidden\" name=\"_wpcf7_locale\" value=\"en_US\" \/>\n<input type=\"hidden\" name=\"_wpcf7_unit_tag\" value=\"wpcf7-f7396-o1\" \/>\n<input type=\"hidden\" name=\"_wpcf7_container_post\" value=\"0\" \/>\n<input type=\"hidden\" name=\"_wpcf7_posted_data_hash\" value=\"\" \/>\n<input type=\"hidden\" name=\"_wpcf7_recaptcha_response\" value=\"\" \/>\n<\/div>\n<div class=\"eut-one-half\">\n\t<p>Name <span class=\"wpcf7-form-control-wrap\" data-name=\"fullname\"><input size=\"40\" class=\"wpcf7-form-control wpcf7-text wpcf7-validates-as-required\" aria-required=\"true\" aria-invalid=\"false\" value=\"\" type=\"text\" name=\"fullname\" \/><\/span>\n\t<\/p>\n<\/div>\n<div class=\"eut-one-half eut-last-column\">\n\t<p>E-Mail <span class=\"wpcf7-form-control-wrap\" data-name=\"e-mail\"><input size=\"40\" class=\"wpcf7-form-control wpcf7-email wpcf7-validates-as-required wpcf7-text wpcf7-validates-as-email\" aria-required=\"true\" aria-invalid=\"false\" value=\"\" type=\"email\" name=\"e-mail\" \/><\/span>\n\t<\/p>\n<\/div>\n<p align=\"right\"><input class=\"wpcf7-form-control wpcf7-submit has-spinner\" type=\"submit\" value=\"Request a trial\" \/>\n<\/p><div class=\"wpcf7-response-output\" aria-hidden=\"true\"><\/div>\n<\/form>\n<\/div>\n[\/vc_column][vc_column width=&#8220;1\/4&#8243;][\/vc_column][\/vc_row][vc_row section_id=&#8220;bookings&#8220;][vc_column width=&#8220;1\/4&#8243;][vc_empty_space][\/vc_column][vc_column width=&#8220;1\/2&#8243; el_id=&#8220;kontakt&#8220;][vc_column_text]<\/p>\r\n<p style=\"text-align: center;\"> <div id=\"form_id957349383529\" class=\"wpbc_container wpbc_form wpbc_container_booking_form \" ><form id=\"booking_form1\" class=\"booking_form vertical\" method=\"post\" action=\"\"><div id=\"ajax_respond_insert1\" class=\"ajax_respond_insert\" style=\"display:none;\"><\/div><a name=\"bklnk1\" id=\"bklnk1\"><\/a><div id=\"booking_form_div1\" class=\"booking_form_div\"><style type=\"text\/css\">.wpbc_container_booking_form .block_hints, .wpbc_booking_form_simple.wpbc_form_center .wpbc__form__div .wpbc__row.wpbc_r_calendar, .wpbc_booking_form_simple .wpbc__form__div .wpbc__row:not(.wpbc_r_calendar){max-width:100%;} <\/style>\n<div class=\"wpbc_booking_form_simple \">\n<div class=\"wpbc__form__div\">\n\t\t\t<div class=\"wpbc_r_calendar wpbc__row\">\n\t\t\t\t<div class=\"wpbc_r_calendar wpbc__field\"> <label><\/label><br><div class=\"wpbc_calendar_wraper wpbc_change_over_triangle wpbc_calendar_skin_legacy\"><div class=\"wpbc_cal_container bk_calendar_frame wpbc_no_custom_width  months_num_in_row_ cal_month_num_2 wpbc_timeslot_day_bg_as_available\" style=\"\"><div id=\"calendar_booking1\"  class=\"wpbc_calendar_id_1\" >\t<div class=\"calendar_loader_frame calendar_loader_frame1\"\r\n\t\tdata-wpbc-rid=\"1\"\r\n\t\tdata-wpbc-grace=\"8000\"\r\n\t\tstyle=\"--wpbc-loader-cols: 2;\"\r\n\t>\r\n\t\t<div class=\"calendar_loader_text\">Wird geladen...<\/div>\r\n\t\t<div class=\"calendar_loader_frame__progress_line_container\">\r\n\t\t\t<div class=\"calendar_loader_frame__progress_line\"><\/div>\r\n\t\t<\/div>\r\n\t<\/div>\r\n\t<\/div><\/div><div style=\"font-size:7px;text-align:left;margin:0 0 10px;text-shadow: none;\">Powered by <a href=\"https:\/\/wpbookingcalendar.com\" style=\"font-size:7px;\" target=\"_blank\" title=\"Booking Calendar plugin for WordPress\">Booking Calendar<\/a><\/div><textarea id=\"date_booking1\" name=\"date_booking1\" autocomplete=\"off\" style=\"display:none;\"><\/textarea><\/div> <\/div>\n\t\t\t<\/div>\n\t\t\t<div class=\"wpbc__row\">\n\t\t\t\t<div class=\"wpbc_r_name wpbc__field\"> <label>First Name*<\/label><br><span class=\"wpbc_wrap_text wpdev-form-control-wrap name1\"><input type=\"text\" name=\"name1\" value=\"\" autocomplete=\"name\" class=\"wpdev-validates-as-required\" size=\"40\" \/><\/span> <\/div>\n\n\t\t\t\t<div class=\"wpbc_r_secondname wpbc__field\"> <label>Last Name*<\/label><br><span class=\"wpbc_wrap_text wpdev-form-control-wrap secondname1\"><input type=\"text\" name=\"secondname1\" value=\"\" autocomplete=\"secondname\" class=\"wpdev-validates-as-required\" size=\"40\" \/><\/span> <\/div>\n\t\t\t<\/div>\n\t\t\t<div class=\"wpbc__row\">\n\t\t\t\t<div class=\"wpbc_r_email wpbc__field\"> <label>Email*<\/label><br><span class=\"wpbc_wrap_text wpdev-form-control-wrap email1\"><input type=\"email\" name=\"email1\" value=\"\" autocomplete=\"email\" class=\"wpdev-validates-as-email wpdev-validates-as-required\" size=\"40\" \/><\/span> <\/div>\n\n\t\t\t\t<div class=\"wpbc_r_phone wpbc__field\"> <label>Phone<\/label><br><span class=\"wpbc_wrap_text wpdev-form-control-wrap phone1\"><input type=\"text\" name=\"phone1\" value=\"\" autocomplete=\"phone\" size=\"40\" \/><\/span> <\/div>\n\t\t\t<\/div>\n\t\t\t<div class=\"wpbc__row\">\n\t\t\t\t<div class=\"wpbc_r_details wpbc__field\"> <label>Details<\/label><br><span class=\"wpbc_wrap_textarea wpdev-form-control-wrap details1\"><textarea name=\"details1\" autocomplete=\"details\"><\/textarea><\/span> <\/div>\n\t\t\t<\/div>\n\t\t\t<div class=\"wpbc__row\">\n\t\t\t\t<div class=\"wpbc_r_captcha wpbc__field\"> <label><\/label><br><span class=\"wpbc_text_captcha_container wpdev-form-control-wrap \"><input  autocomplete=\"off\" type=\"hidden\" name=\"wpdev_captcha_challenge_1\"  id=\"wpdev_captcha_challenge_1\" value=\"1814437484\" \/><input  autocomplete=\"off\" type=\"text\" class=\"captachinput\" value=\"\" name=\"captcha_input1\" id=\"captcha_input1\" \/><img decoding=\"async\" class=\"captcha_img\"  id=\"captcha_img1\" alt=\"To show CAPTCHA, please deactivate cache plugin or exclude this page from caching or disable CAPTCHA at WP Booking Calendar - Settings General page in Form Options section.\" src=\"https:\/\/bluestarplanning.com\/wp-content\/plugins\/booking\/js\/captcha\/tmp\/1814437484.png\" \/><\/span> <\/div>\n\t\t\t<\/div>\n\t\t\t<div class=\"wpbc__row\">\n\t\t\t\t<div class=\"wpbc_r_submit wpbc__field\"><input type=\"button\" value=\"Request a booking\" class=\"wpbc_button_light  btn btn\" onclick=\"wpbc_booking_form_submit(this.form,1, 'de_DE');\" \/> <\/div>\n\t\t\t<\/div>\n<\/div>\n<\/div><input id=\"bk_type1\" name=\"bk_type1\" class=\"\" type=\"hidden\" value=\"1\" \/><\/div><div id=\"submiting1\"><\/div><div class=\"form_bk_messages\" id=\"form_bk_messages1\" ><\/div><input type=\"hidden\" id=\"wpbc_nonceCALCULATE_THE_COST1\" name=\"wpbc_nonceCALCULATE_THE_COST1\" value=\"c29191b2ed\" \/><input type=\"hidden\" name=\"_wp_http_referer\" value=\"\/de\/wp-json\/wp\/v2\/pages\/7804\" \/><\/form><\/div><div id=\"booking_form_garbage1\" class=\"booking_form_garbage\"><\/div>\r\n<p>[\/vc_column_text][\/vc_column][vc_column width=&#8220;1\/4&#8243;][vc_empty_space][\/vc_column][\/vc_row]<\/p>","protected":false},"excerpt":{"rendered":"<p>[vc_row header_feature=&#8220;yes&#8220; padding_top=&#8220;0&#8243; section_id=&#8220;features&#8220; padding_bottom=&#8220;0&#8243;][vc_column css=&#8220;.vc_custom_1653052112785{padding-right: 15% !important;padding-left: 15% !important;}&#8220;][\/vc_column][\/vc_row][vc_row padding_top=&#8220;60&#8243; padding_bottom=&#8220;60&#8243; margin_bottom=&#8220;0&#8243; section_id=&#8220;analytics&#8220;][vc_column width=&#8220;1\/3&#8243;][\/vc_column][vc_column width=&#8220;1\/3&#8243;][\/vc_column][vc_column width=&#8220;1\/3&#8243;][\/vc_column][\/vc_row][vc_row heading_color=&#8220;light&#8220; bg_type=&#8220;image&#8220; bg_image=&#8220;7345&#8243; bg_image_type=&#8220;parallax&#8220; color_overlay=&#8220;dark&#8220; opacity_overlay=&#8220;20&#8243; padding_top=&#8220;120&#8243; padding_bottom=&#8220;120&#8243; margin_bottom=&#8220;0&#8243; font_color=&#8220;#efefef&#8220;][vc_column css=&#8220;.vc_custom_1653052122842{padding-right: 5% !important;padding-left: 5% !important;}&#8220;][\/vc_column][\/vc_row][vc_row margin_bottom=&#8220;0&#8243; padding_top=&#8220;90&#8243; padding_bottom=&#8220;90&#8243;][vc_column width=&#8220;1\/3&#8243;][\/vc_column][vc_column width=&#8220;1\/3&#8243;][\/vc_column][vc_column width=&#8220;1\/3&#8243;][\/vc_column][\/vc_row][vc_row margin_bottom=&#8220;0&#8243;][vc_column][\/vc_column][\/vc_row][vc_row flex_height=&#8220;yes&#8220; middle_content=&#8220;yes&#8220; section_id=&#8220;responsive&#8220; padding_top=&#8220;90&#8243; padding_bottom=&#8220;0&#8243; margin_bottom=&#8220;0&#8243;][vc_column width=&#8220;1\/2&#8243; tablet_sm_width=&#8220;1&#8243;][\/vc_column][vc_column width=&#8220;1\/2&#8243; tablet_sm_width=&#8220;1&#8243;][\/vc_column][\/vc_row][vc_row bg_type=&#8220;color&#8220; padding_top=&#8220;120&#8243; section_id=&#8220;contact&#8220;][vc_column width=&#8220;1\/4&#8243; mobile_width=&#8220;1-2&#8243;][\/vc_column][vc_column width=&#8220;1\/2&#8243;][\/vc_column][vc_column [&hellip;]<\/p>\n","protected":false},"author":1,"featured_media":0,"parent":0,"menu_order":0,"comment_status":"closed","ping_status":"closed","template":"","meta":{"footnotes":""},"class_list":["post-7804","page","type-page","status-publish","hentry"],"_links":{"self":[{"href":"https:\/\/bluestarplanning.com\/de\/wp-json\/wp\/v2\/pages\/7804","targetHints":{"allow":["GET"]}}],"collection":[{"href":"https:\/\/bluestarplanning.com\/de\/wp-json\/wp\/v2\/pages"}],"about":[{"href":"https:\/\/bluestarplanning.com\/de\/wp-json\/wp\/v2\/types\/page"}],"author":[{"embeddable":true,"href":"https:\/\/bluestarplanning.com\/de\/wp-json\/wp\/v2\/users\/1"}],"replies":[{"embeddable":true,"href":"https:\/\/bluestarplanning.com\/de\/wp-json\/wp\/v2\/comments?post=7804"}],"version-history":[{"count":8,"href":"https:\/\/bluestarplanning.com\/de\/wp-json\/wp\/v2\/pages\/7804\/revisions"}],"predecessor-version":[{"id":7901,"href":"https:\/\/bluestarplanning.com\/de\/wp-json\/wp\/v2\/pages\/7804\/revisions\/7901"}],"wp:attachment":[{"href":"https:\/\/bluestarplanning.com\/de\/wp-json\/wp\/v2\/media?parent=7804"}],"curies":[{"name":"wp","href":"https:\/\/api.w.org\/{rel}","templated":true}]}}