{"id":7618,"date":"2022-11-15T13:22:53","date_gmt":"2022-11-15T12:22:53","guid":{"rendered":"https:\/\/bluestarplanning.com\/?page_id=7618"},"modified":"2023-03-06T10:59:11","modified_gmt":"2023-03-06T09:59:11","slug":"home-2","status":"publish","type":"page","link":"https:\/\/bluestarplanning.com\/de\/","title":{"rendered":"Home"},"content":{"rendered":"<p>[vc_row heading_color=&#8220;light&#8220; bg_type=&#8220;color&#8220; header_feature=&#8220;yes&#8220; padding_top=&#8220;60&#8243;][vc_column][vc_column_text animation=&#8220;fadeInLeft&#8220; animation_delay=&#8220;50&#8243;]<\/p>\n<h1 style=\"text-align: center;\">Automatisieren Sie Ihre Produktionsplanung, optimieren Sie Verarbeitung und sparen Sie Zeit.<\/h1>\n<p>[\/vc_column_text][\/vc_column][\/vc_row][vc_row heading_color=&#8220;light&#8220; bg_type=&#8220;color&#8220; flex_height=&#8220;yes&#8220; middle_content=&#8220;yes&#8220; font_color=&#8220;#ffffff&#8220; padding_top=&#8220;30&#8243; padding_bottom=&#8220;30&#8243;][vc_column width=&#8220;2\/3&#8243;][vc_column_text animation=&#8220;fadeInLeft&#8220; animation_delay=&#8220;100&#8243;]<\/p>\n<h3><strong>Automatisierung der Planung<\/strong><i class=\"eut-color-primary-1 fa fa-check\"><\/i><\/h3>\n<ul>\n<li>Wir wissen, dass die Erstellung des Produktionsplans oft eine langwierige und fehleranf\u00e4llige Aufgabe ist. Deshalb haben wir eine Plattform zur Planungsautomatisierung entwickelt, die sich an die Gr\u00f6\u00dfe Ihres Teams anpasst und skaliert, unabh\u00e4ngig von der Branche<\/li>\n<\/ul>\n<h3><strong>Sofortige Ergebnisse <\/strong><i class=\"eut-color-primary-1 fa fa-check\"><\/i><\/h3>\n<ul>\n<li>Innerhalb weniger Wochen sind wir in der Lage, fortschrittliche Algorithmen zu implementieren, die Ihnen bei einer Vielzahl von sich wiederholenden Prozessen Zeit sparen<\/li>\n<\/ul>\n<h3><strong>Beratung<\/strong><i class=\"eut-color-primary-1 fa fa-check\"><\/i><\/h3>\n<ul>\n<li>Eine gr\u00fcndliche Analyse Ihrer Gesch\u00e4ftsabl\u00e4ufe und Branchenstandards erm\u00f6glicht es Ihnen, spezifische, messbare Ziele zu setzen, die Ihnen helfen, Ihre Produktion auf die n\u00e4chste Stufe zu heben<\/li>\n<\/ul>\n<p>[\/vc_column_text][\/vc_column][vc_column width=&#8220;1\/3&#8243;]<div class=\"eut-element eut-box eut-align-left\" style=\"\"><div class=\"eut-media\"><img loading=\"lazy\" decoding=\"async\" width=\"1621\" height=\"1079\" src=\"https:\/\/bluestarplanning.com\/wp-content\/uploads\/2022\/11\/gif.gif\" class=\"attachment-full size-full\" alt=\"\" \/><\/div>  <div class=\"eut-box-content\">    <p><\/p>  <\/div><\/div><div class=\"eut-element eut-align-center\"><a class=\"eut-btn eut-btn-medium eut-round eut-bg-primary-1 eut-btn-line\" href=\"https:\/\/bluestarplanning.com\/introduction\/#bookings\" target=\"_self\" style=\"\"><span>Fordern Sie jetzt Ihre kostenlose Testversion an<\/span><\/a><\/div>[\/vc_column][\/vc_row][vc_row heading_color=&#8220;light&#8220; bg_type=&#8220;color&#8220; flex_height=&#8220;yes&#8220; middle_content=&#8220;yes&#8220; font_color=&#8220;#ffffff&#8220; padding_top=&#8220;60&#8243; padding_bottom=&#8220;60&#8243;][vc_column width=&#8220;1\/3&#8243;]<div class=\"eut-element eut-box-icon eut-align-left eut-medium eut-animated-item eut-fadeInLeft\" style=\"\" data-delay=\"0\">  <div class=\"eut-wrapper-icon eut-no-shape eut-color-grey\"><i class=\"vc_li vc_li-cloud eut-color-primary-1\"><\/i><\/div>  <div class=\"eut-box-content\">      <h4 class=\"eut-box-title\">Vorhersage in Echtzeit<\/h4>    <p class=\"\">Der Echtzeit-Status erm\u00f6glicht es, die Prognosen w\u00e4hrend des Produktionsprozesses zu \u00fcberwachen und rechtzeitig zu signalisieren.<\/p>  <\/div><\/div>[\/vc_column][vc_column width=&#8220;1\/3&#8243;]<div class=\"eut-element eut-box-icon eut-align-left eut-medium eut-animated-item eut-fadeInLeft\" style=\"\" data-delay=\"0\">  <div class=\"eut-wrapper-icon eut-no-shape eut-color-grey\"><i class=\"vc_li vc_li-clock eut-color-primary-1\"><\/i><\/div>  <div class=\"eut-box-content\">      <h4 class=\"eut-box-title\">Sofortiges Onboarding<\/h4>    <p class=\"\">Ein geringer Implementierungsaufwand erm\u00f6glicht die nahtlose Integration in Ihr bestehendes System<\/p>  <\/div><\/div>[\/vc_column][vc_column width=&#8220;1\/3&#8243;]<div class=\"eut-element eut-box-icon eut-align-left eut-medium eut-animated-item eut-fadeInLeft\" style=\"\" data-delay=\"0\">  <div class=\"eut-wrapper-icon eut-no-shape eut-color-grey\"><i class=\"vc_li vc_li-lock eut-color-primary-1\"><\/i><\/div>  <div class=\"eut-box-content\">      <h4 class=\"eut-box-title\">Sichere Umgebung<\/h4>    <p class=\"\">Sie k\u00f6nnen \u00fcber Cloud-Server schnell und einfach auf Ihre Daten zugreifen und gleichzeitig ein H\u00f6chstma\u00df an Sicherheit aufrechterhalten<\/p>  <\/div><\/div>[\/vc_column][\/vc_row][vc_row heading_color=&#8220;light&#8220; bg_type=&#8220;color&#8220; flex_height=&#8220;yes&#8220; middle_content=&#8220;yes&#8220; desktop_visibility=&#8220;hide&#8220; tablet_visibility=&#8220;hide&#8220; tablet_sm_visibility=&#8220;hide&#8220; mobile_visibility=&#8220;hide&#8220; font_color=&#8220;#ffffff&#8220;][vc_column width=&#8220;1\/3&#8243;]<div class=\"eut-element eut-slogan eut-align-left eut-animated-item eut-fadeInLeft\" style=\"\" data-delay=\"100\"><h4 class=\"eut-slogan-title eut-align-left eut-title-no-line\"><span>Beratung<\/span><\/h4>  <p class=\"\">Eine gr\u00fcndliche Analyse Ihres Unternehmens und Ihrer Branche erm\u00f6glicht es Ihnen, spezifische, messbare Ziele zu setzen, die Ihnen helfen werden, Ihre Produktion auf die n\u00e4chste Stufe zu heben<\/p><\/div><div class=\"eut-element eut-slogan eut-align-left eut-animated-item eut-fadeInLeft\" style=\"\" data-delay=\"150\"><h4 class=\"eut-slogan-title eut-align-left eut-title-no-line\"><span>Automatisierung der Planung<\/span><\/h4>  <p class=\"\">Da die Erstellung des Produktionsplans oft eine langwierige und fehleranf\u00e4llige Aufgabe ist, haben wir eine Plattform zur Planungsautomatisierung entwickelt, die sich an die Gr\u00f6\u00dfe Ihres Teams anpasst und skaliert, unabh\u00e4ngig von der Branche<\/p><\/div><div class=\"eut-element eut-slogan eut-align-left eut-animated-item eut-fadeInLeft\" style=\"\" data-delay=\"200\"><h4 class=\"eut-slogan-title eut-align-left eut-title-no-line\"><span>Optimierung der Arbeitsabl\u00e4ufe<\/span><\/h4>  <p class=\"\">Nachdem wir Ihre derzeitigen Arbeitsabl\u00e4ufe kritisch untersucht haben, werden wir gemeinsam neue Arbeitsabl\u00e4ufe entwickeln, die Ihnen bei einer Vielzahl von sich wiederholenden Prozessen Zeit sparen werden<\/p><\/div>[\/vc_column][vc_column width=&#8220;1\/3&#8243;]<div class=\"eut-element eut-box-icon eut-align-left eut-medium eut-animated-item eut-fadeInLeft\" style=\"\" data-delay=\"0\">  <div class=\"eut-wrapper-icon eut-no-shape eut-color-grey\"><i class=\"vc_li vc_li-lock eut-color-primary-1\"><\/i><\/div>  <div class=\"eut-box-content\">      <h4 class=\"eut-box-title\">Sichere Umgebung<\/h4>    <p class=\"\">Sie k\u00f6nnen \u00fcber Cloud-Server schnell und einfach auf Ihre Daten zugreifen und gleichzeitig ein H\u00f6chstma\u00df an Sicherheit aufrechterhalten<\/p>  <\/div><\/div><div class=\"eut-element eut-box-icon eut-align-left eut-medium eut-animated-item eut-fadeInLeft\" style=\"\" data-delay=\"0\">  <div class=\"eut-wrapper-icon eut-no-shape eut-color-grey\"><i class=\"vc_li vc_li-clock eut-color-primary-1\"><\/i><\/div>  <div class=\"eut-box-content\">      <h4 class=\"eut-box-title\">Sofortiges Onboarding<\/h4>    <p class=\"\">Ein geringer Implementierungsaufwand erm\u00f6glicht die nahtlose Integration in Ihr bestehendes System<\/p>  <\/div><\/div><div class=\"eut-element eut-box-icon eut-align-left eut-medium eut-animated-item eut-fadeInLeft\" style=\"\" data-delay=\"0\">  <div class=\"eut-wrapper-icon eut-no-shape eut-color-grey\"><i class=\"vc_li vc_li-cloud eut-color-primary-1\"><\/i><\/div>  <div class=\"eut-box-content\">      <h4 class=\"eut-box-title\">Vorhersage in Echtzeit<\/h4>    <p class=\"\">Der Echtzeit-Status erm\u00f6glicht es, die Prognosen w\u00e4hrend des Produktionsprozesses zu \u00fcberwachen und rechtzeitig zu signalisieren<\/p>  <\/div><\/div>[\/vc_column][vc_column width=&#8220;1\/3&#8243;]<div class=\"eut-element eut-image eut-animated-item eut-fadeInLeft eut-align-center\" style=\"\" data-delay=\"100\"><img loading=\"lazy\" decoding=\"async\" width=\"512\" height=\"512\" src=\"https:\/\/bluestarplanning.com\/wp-content\/uploads\/2022\/03\/cropped-PNG-LOGO-ONLY-1x1-1.png\" class=\"attachment-large size-large\" alt=\"\" srcset=\"https:\/\/bluestarplanning.com\/wp-content\/uploads\/2022\/03\/cropped-PNG-LOGO-ONLY-1x1-1.png 512w, https:\/\/bluestarplanning.com\/wp-content\/uploads\/2022\/03\/cropped-PNG-LOGO-ONLY-1x1-1-300x300.png 300w, https:\/\/bluestarplanning.com\/wp-content\/uploads\/2022\/03\/cropped-PNG-LOGO-ONLY-1x1-1-150x150.png 150w, https:\/\/bluestarplanning.com\/wp-content\/uploads\/2022\/03\/cropped-PNG-LOGO-ONLY-1x1-1-100x100.png 100w, https:\/\/bluestarplanning.com\/wp-content\/uploads\/2022\/03\/cropped-PNG-LOGO-ONLY-1x1-1-270x270.png 270w, https:\/\/bluestarplanning.com\/wp-content\/uploads\/2022\/03\/cropped-PNG-LOGO-ONLY-1x1-1-192x192.png 192w, https:\/\/bluestarplanning.com\/wp-content\/uploads\/2022\/03\/cropped-PNG-LOGO-ONLY-1x1-1-180x180.png 180w, https:\/\/bluestarplanning.com\/wp-content\/uploads\/2022\/03\/cropped-PNG-LOGO-ONLY-1x1-1-32x32.png 32w\" sizes=\"auto, (max-width: 512px) 100vw, 512px\" \/><\/div><div class=\"eut-element eut-align-center\"><a class=\"eut-btn eut-btn-medium eut-round eut-bg-primary-1 eut-btn-line\" href=\"https:\/\/bluestarplanning.com\/introduction\/#bookings\" target=\"_self\" style=\"\"><span>Fordern Sie jetzt Ihre kostenlose Demo an<\/span><\/a><\/div>[\/vc_column][\/vc_row][vc_row heading_color=&#8220;light&#8220; bg_type=&#8220;image&#8220; bg_image=&#8220;7345&#8243; flex_height=&#8220;yes&#8220; middle_content=&#8220;yes&#8220; desktop_visibility=&#8220;hide&#8220; tablet_visibility=&#8220;hide&#8220; tablet_sm_visibility=&#8220;hide&#8220; mobile_visibility=&#8220;hide&#8220; margin_bottom=&#8220;0&#8243; font_color=&#8220;#ffffff&#8220; padding_top=&#8220;0&#8243; padding_bottom=&#8220;0&#8243;][vc_column width=&#8220;1\/2&#8243; tablet_width=&#8220;1&#8243; css=&#8220;.vc_custom_1652435455097{padding-top: 3% !important;padding-bottom: 3% !important;}&#8220;]<div class=\"eut-element eut-image eut-animated-item eut-fadeInUp eut-align-center\" style=\"\" data-delay=\"50\"><img loading=\"lazy\" decoding=\"async\" width=\"100\" height=\"100\" src=\"https:\/\/bluestarplanning.com\/wp-content\/uploads\/2022\/04\/cloud-plan-engine-03-100x100-1.png\" class=\"attachment-full size-full\" alt=\"\" srcset=\"https:\/\/bluestarplanning.com\/wp-content\/uploads\/2022\/04\/cloud-plan-engine-03-100x100-1.png 1x,https:\/\/bluestarplanning.com\/wp-content\/uploads\/2022\/04\/cloud-plan-engine-03-100x100-1.png 2x\" \/><\/div><div class=\"eut-element eut-slogan eut-align-center eut-animated-item eut-fadeInUp\" style=\"\" data-delay=\"50\">  <p class=\"eut-leader-text\">F\u00fcr die automatisierte Planung werden viele Details aus dem bestehenden Umfeld in die Software geladen, damit die richtigen Variablen, Abh\u00e4ngigkeiten und Berechnungen ber\u00fccksichtigt werden k\u00f6nnen. Mit einer intelligenten Softwareplattform, die so viel wie m\u00f6glich automatisiert und manuelle Eingriffe auf ein Minimum reduziert.<br \/>\nTypische Optimierungen und die daf\u00fcr ben\u00f6tigten Daten, unterteilt in sogenannte S\u00e4ulen. Diese S\u00e4ulen bilden das Setup f\u00fcr die Implementierung, Integration und verf\u00fcgbare Optimierung.<\/p><\/div>[\/vc_column][vc_column width=&#8220;1\/2&#8243; tablet_width=&#8220;1&#8243; css=&#8220;.vc_custom_1652178420505{background-position: center !important;background-repeat: no-repeat !important;background-size: cover !important;}&#8220;][vc_empty_space][\/vc_column][\/vc_row][vc_row heading_color=&#8220;light&#8220; bg_type=&#8220;color&#8220; flex_height=&#8220;yes&#8220; middle_content=&#8220;yes&#8220; desktop_visibility=&#8220;hide&#8220; tablet_visibility=&#8220;hide&#8220; margin_bottom=&#8220;0&#8243; font_color=&#8220;#ffffff&#8220; padding_top=&#8220;0&#8243; padding_bottom=&#8220;0&#8243; bg_color=&#8220;#121b43&#8243;][vc_column width=&#8220;1\/2&#8243; tablet_width=&#8220;1&#8243; css=&#8220;.vc_custom_1652435473675{padding-top: 3% !important;padding-bottom: 3% !important;}&#8220;]<div class=\"eut-element eut-image eut-animated-item eut-fadeInUp eut-align-center\" style=\"\" data-delay=\"50\"><img loading=\"lazy\" decoding=\"async\" width=\"100\" height=\"100\" src=\"https:\/\/bluestarplanning.com\/wp-content\/uploads\/2022\/04\/cloud-plan-engine-03-100x100-1.png\" class=\"attachment-full size-full\" alt=\"\" srcset=\"https:\/\/bluestarplanning.com\/wp-content\/uploads\/2022\/04\/cloud-plan-engine-03-100x100-1.png 1x,https:\/\/bluestarplanning.com\/wp-content\/uploads\/2022\/04\/cloud-plan-engine-03-100x100-1.png 2x\" \/><\/div><div class=\"eut-element eut-slogan eut-align-center eut-animated-item eut-fadeInUp\" style=\"\" data-delay=\"50\">  <p class=\"eut-leader-text\">F\u00fcr die automatisierte Planung werden viele Details aus dem bestehenden Umfeld in die Software geladen, damit die richtigen Variablen, Abh\u00e4ngigkeiten und Berechnungen ber\u00fccksichtigt werden k\u00f6nnen. Mit einer intelligenten Softwareplattform, die so viel wie m\u00f6glich automatisiert und manuelle Eingriffe auf ein Minimum reduziert.<br \/>\nTypische Optimierungen und die daf\u00fcr ben\u00f6tigten Daten, unterteilt in sogenannte S\u00e4ulen. Diese S\u00e4ulen bilden das Setup f\u00fcr die Implementierung, Integration und verf\u00fcgbare Optimierung.<\/p><\/div>[\/vc_column][vc_column width=&#8220;1\/2&#8243; tablet_width=&#8220;1&#8243; css=&#8220;.vc_custom_1652435219457{padding-right: 0px !important;padding-left: 0px !important;background-position: center !important;background-repeat: no-repeat !important;background-size: cover !important;}&#8220;]<div class=\"eut-element eut-image eut-align-center\" style=\"margin-bottom: 0px;\"><img loading=\"lazy\" decoding=\"async\" width=\"1024\" height=\"690\" src=\"https:\/\/bluestarplanning.com\/wp-content\/uploads\/2022\/05\/MicrosoftTeams-image-3-1-e1652434053360-1024x690.png\" class=\"attachment-large size-large\" alt=\"\" srcset=\"https:\/\/bluestarplanning.com\/wp-content\/uploads\/2022\/05\/MicrosoftTeams-image-3-1-e1652434053360-1024x690.png 1024w, https:\/\/bluestarplanning.com\/wp-content\/uploads\/2022\/05\/MicrosoftTeams-image-3-1-e1652434053360-300x202.png 300w, https:\/\/bluestarplanning.com\/wp-content\/uploads\/2022\/05\/MicrosoftTeams-image-3-1-e1652434053360-768x517.png 768w, https:\/\/bluestarplanning.com\/wp-content\/uploads\/2022\/05\/MicrosoftTeams-image-3-1-e1652434053360-1536x1034.png 1536w, https:\/\/bluestarplanning.com\/wp-content\/uploads\/2022\/05\/MicrosoftTeams-image-3-1-e1652434053360-1920x1293.png 1920w, https:\/\/bluestarplanning.com\/wp-content\/uploads\/2022\/05\/MicrosoftTeams-image-3-1-e1652434053360-600x404.png 600w\" sizes=\"auto, (max-width: 1024px) 100vw, 1024px\" \/><\/div>[\/vc_column][\/vc_row][vc_row heading_color=&#8220;light&#8220; bg_type=&#8220;image&#8220; bg_image=&#8220;7345&#8243; bg_image_type=&#8220;parallax&#8220; color_overlay=&#8220;dark&#8220; font_color=&#8220;#ffffff&#8220;][vc_column][vc_column_text text_style=&#8220;leader-text&#8220; animation_delay=&#8220;50&#8243; css=&#8220;.vc_custom_1678096737110{padding-top: 150px !important;padding-right: 3% !important;padding-bottom: 150px !important;padding-left: 3% !important;}&#8220;]<\/p>\n<h3 style=\"text-align: left;\">Datenvisualisierung, die sich an Ihre spezifische Konfiguration anpasst,<br \/>\njedem einen einzigartigen \u00dcberblick verschafft<\/h3>\n<p>[\/vc_column_text][\/vc_column][\/vc_row][vc_row flex_height=&#8220;yes&#8220; middle_content=&#8220;yes&#8220;][vc_column width=&#8220;1\/2&#8243; css=&#8220;.vc_custom_1652436129711{padding-right: 3% !important;padding-left: 3% !important;}&#8220;][vc_column_text animation=&#8220;fadeInLeft&#8220; animation_delay=&#8220;50&#8243;]<\/p>\n<p style=\"text-align: right;\">Die Softwareplattform verf\u00fcgt \u00fcber ein hohes Ma\u00df an Intelligenz und Verkn\u00fcpfungsm\u00f6glichkeiten. Dies erm\u00f6glicht eine schnelle Inbetriebnahme mit Produktionsdaten, die in fast jeder Produktionsumgebung bereits digital vorhanden sind. So werden die Risiken einer langwierigen Softwareeinf\u00fchrung vermieden und die Technologie zur Automatisierung der Produktionsplanung ist wirklich zum Greifen nah.<\/p>\n<p>[\/vc_column_text]<div class=\"eut-element eut-align-right\"><a class=\"eut-btn eut-btn-medium eut-round eut-bg-primary-1 eut-btn-line\" href=\"https:\/\/bluestarplanning.com\/platform\/\" target=\"_self\" style=\"\"><span>Erfahren Sie mehr \u00fcber die Plattform<\/span><\/a><\/div>[\/vc_column][vc_column width=&#8220;1\/2&#8243;]<div class=\"eut-element eut-image eut-animated-item eut-fadeInLeft eut-align-center\" style=\"\" data-delay=\"200\"><img loading=\"lazy\" decoding=\"async\" width=\"1024\" height=\"603\" src=\"https:\/\/bluestarplanning.com\/wp-content\/uploads\/2022\/04\/Screenshot-2022-03-03-114132-1024x603.jpg\" class=\"attachment-large size-large\" alt=\"\" srcset=\"https:\/\/bluestarplanning.com\/wp-content\/uploads\/2022\/04\/Screenshot-2022-03-03-114132-1024x603.jpg 1024w, https:\/\/bluestarplanning.com\/wp-content\/uploads\/2022\/04\/Screenshot-2022-03-03-114132-300x177.jpg 300w, https:\/\/bluestarplanning.com\/wp-content\/uploads\/2022\/04\/Screenshot-2022-03-03-114132-768x452.jpg 768w, https:\/\/bluestarplanning.com\/wp-content\/uploads\/2022\/04\/Screenshot-2022-03-03-114132-1536x904.jpg 1536w, https:\/\/bluestarplanning.com\/wp-content\/uploads\/2022\/04\/Screenshot-2022-03-03-114132-600x353.jpg 600w, https:\/\/bluestarplanning.com\/wp-content\/uploads\/2022\/04\/Screenshot-2022-03-03-114132.jpg 1809w\" sizes=\"auto, (max-width: 1024px) 100vw, 1024px\" \/><\/div>[\/vc_column][\/vc_row][vc_row heading_color=&#8220;light&#8220; bg_type=&#8220;color&#8220; footer_feature=&#8220;yes&#8220; flex_height=&#8220;yes&#8220; font_color=&#8220;#ffffff&#8220; bg_color=&#8220;#121b43&#8243; padding_bottom=&#8220;0&#8243;][vc_column css=&#8220;.vc_custom_1652436050841{border-right-width: 3% !important;border-left-width: 3% !important;padding-top: 3% !important;}&#8220;]<div class=\"eut-element eut-slogan eut-align-center eut-animated-item eut-fadeInUp\" style=\"\" data-delay=\"50\"><h1 class=\"eut-slogan-title eut-align-center eut-title-no-line\"><span>Beginnen Sie jetzt mit der Optimierung.<\/span><\/h1>  <p class=\"\">Der Einstieg ist so einfach wie das Anlegen Ihres ersten Datensatzes. Die Optimierung in der einfachen Plattform folgt dann schnell. Kontaktieren Sie uns per Telefon oder E-Mail \u00fcber die Angaben in der Fu\u00dfzeile.<\/p><\/div>\n<div class=\"wpcf7 no-js\" id=\"wpcf7-f6446-o1\" lang=\"en-US\" dir=\"ltr\">\n<div class=\"screen-reader-response\"><p role=\"status\" aria-live=\"polite\" aria-atomic=\"true\"><\/p> <ul><\/ul><\/div>\n<form action=\"\/de\/wp-json\/wp\/v2\/pages\/7618#wpcf7-f6446-o1\" method=\"post\" class=\"wpcf7-form init\" aria-label=\"Contact form\" novalidate=\"novalidate\" data-status=\"init\">\n<div style=\"display: none;\">\n<input type=\"hidden\" name=\"_wpcf7\" value=\"6446\" \/>\n<input type=\"hidden\" name=\"_wpcf7_version\" value=\"5.9.3\" \/>\n<input type=\"hidden\" name=\"_wpcf7_locale\" value=\"en_US\" \/>\n<input type=\"hidden\" name=\"_wpcf7_unit_tag\" value=\"wpcf7-f6446-o1\" \/>\n<input type=\"hidden\" name=\"_wpcf7_container_post\" value=\"0\" \/>\n<input type=\"hidden\" name=\"_wpcf7_posted_data_hash\" value=\"\" \/>\n<input type=\"hidden\" name=\"_wpcf7_recaptcha_response\" value=\"\" \/>\n<\/div>\n<div class=\"eut-one-half\">\n\t<p>Name <span class=\"wpcf7-form-control-wrap\" data-name=\"fullname\"><input size=\"40\" class=\"wpcf7-form-control wpcf7-text wpcf7-validates-as-required\" aria-required=\"true\" aria-invalid=\"false\" value=\"\" type=\"text\" name=\"fullname\" \/><\/span>\n\t<\/p>\n<\/div>\n<div class=\"eut-one-half eut-last-column\">\n\t<p>E-Mail <span class=\"wpcf7-form-control-wrap\" data-name=\"e-mail\"><input size=\"40\" class=\"wpcf7-form-control wpcf7-email wpcf7-validates-as-required wpcf7-text wpcf7-validates-as-email\" aria-required=\"true\" aria-invalid=\"false\" value=\"\" type=\"email\" name=\"e-mail\" \/><\/span>\n\t<\/p>\n<\/div>\n<p align=\"right\"><input class=\"wpcf7-form-control wpcf7-submit has-spinner\" type=\"submit\" value=\"Request contact\" \/>\n<\/p><div class=\"wpcf7-response-output\" aria-hidden=\"true\"><\/div>\n<\/form>\n<\/div>\n[\/vc_column][\/vc_row]<\/p>\n","protected":false},"excerpt":{"rendered":"<p>[vc_row heading_color=&#8220;light&#8220; bg_type=&#8220;color&#8220; header_feature=&#8220;yes&#8220; padding_top=&#8220;60&#8243;][vc_column][vc_column_text animation=&#8220;fadeInLeft&#8220; animation_delay=&#8220;50&#8243;] Automatisieren Sie Ihre Produktionsplanung, optimieren Sie Verarbeitung und sparen Sie Zeit. [\/vc_column_text][\/vc_column][\/vc_row][vc_row heading_color=&#8220;light&#8220; bg_type=&#8220;color&#8220; flex_height=&#8220;yes&#8220; middle_content=&#8220;yes&#8220; font_color=&#8220;#ffffff&#8220; padding_top=&#8220;30&#8243; padding_bottom=&#8220;30&#8243;][vc_column width=&#8220;2\/3&#8243;][vc_column_text animation=&#8220;fadeInLeft&#8220; animation_delay=&#8220;100&#8243;] Automatisierung der Planung Wir wissen, dass die Erstellung des Produktionsplans oft eine langwierige und fehleranf\u00e4llige Aufgabe ist. Deshalb haben wir eine Plattform zur Planungsautomatisierung entwickelt, die [&hellip;]<\/p>\n","protected":false},"author":1,"featured_media":0,"parent":0,"menu_order":0,"comment_status":"closed","ping_status":"closed","template":"","meta":{"footnotes":""},"class_list":["post-7618","page","type-page","status-publish","hentry"],"_links":{"self":[{"href":"https:\/\/bluestarplanning.com\/de\/wp-json\/wp\/v2\/pages\/7618","targetHints":{"allow":["GET"]}}],"collection":[{"href":"https:\/\/bluestarplanning.com\/de\/wp-json\/wp\/v2\/pages"}],"about":[{"href":"https:\/\/bluestarplanning.com\/de\/wp-json\/wp\/v2\/types\/page"}],"author":[{"embeddable":true,"href":"https:\/\/bluestarplanning.com\/de\/wp-json\/wp\/v2\/users\/1"}],"replies":[{"embeddable":true,"href":"https:\/\/bluestarplanning.com\/de\/wp-json\/wp\/v2\/comments?post=7618"}],"version-history":[{"count":3,"href":"https:\/\/bluestarplanning.com\/de\/wp-json\/wp\/v2\/pages\/7618\/revisions"}],"predecessor-version":[{"id":7859,"href":"https:\/\/bluestarplanning.com\/de\/wp-json\/wp\/v2\/pages\/7618\/revisions\/7859"}],"wp:attachment":[{"href":"https:\/\/bluestarplanning.com\/de\/wp-json\/wp\/v2\/media?parent=7618"}],"curies":[{"name":"wp","href":"https:\/\/api.w.org\/{rel}","templated":true}]}}