{"id":7321,"date":"2015-06-21T16:39:25","date_gmt":"2015-06-21T14:39:25","guid":{"rendered":"https:\/\/bluestarplanning.com\/?page_id=7321"},"modified":"2023-03-06T10:49:32","modified_gmt":"2023-03-06T09:49:32","slug":"dienstleistungen","status":"publish","type":"page","link":"https:\/\/bluestarplanning.com\/de\/dienstleistungen\/","title":{"rendered":"Dienstleistungen"},"content":{"rendered":"<p>[vc_row heading_color=&#8220;light&#8220; bg_type=&#8220;color&#8220; header_feature=&#8220;yes&#8220; flex_height=&#8220;yes&#8220; middle_content=&#8220;yes&#8220; font_color=&#8220;#ffffff&#8220; margin_bottom=&#8220;0&#8243;][vc_column width=&#8220;1\/2&#8243;][vc_column_text animation=&#8220;fadeInRight&#8220; animation_delay=&#8220;50&#8243;]<\/p>\n<h2>Ihr Gesch\u00e4ft ankurbeln<\/h2>\n<p>Dank unserer Spezialisierung auf die Produktionsplanung und unseres vielseitigen Hintergrunds verf\u00fcgt unser Team \u00fcber ein umfassendes Verst\u00e4ndnis f\u00fcr erg\u00e4nzende Dienstleistungen. Zus\u00e4tzlich zu unseren eigenen Algorithmen bieten wir eine breite Palette von Dienstleistungen an, zum Beispiel:<\/p>\n<ul>\n<li><span class=\"jCAhz ChMk0b\"><span class=\"ryNqvb\">Datenvisualisierung und Prognose<\/span><\/span><\/li>\n<li><span class=\"jCAhz ChMk0b\"><span class=\"ryNqvb\">Beratung zur Produktionsoptimierung<\/span><\/span><\/li>\n<li><span class=\"jCAhz ChMk0b\"><span class=\"ryNqvb\">Beratung und Integrationshilfe<\/span><\/span><\/li>\n<li><span class=\"jCAhz ChMk0b\"><span class=\"ryNqvb\">&#8230;sowie vieles mehr auf Anfrage<\/span><\/span><\/li>\n<\/ul>\n<p>[\/vc_column_text][\/vc_column][vc_column width=&#8220;1\/2&#8243;]<div class=\"eut-element eut-image eut-align-center\" style=\"\"><img loading=\"lazy\" decoding=\"async\" width=\"1277\" height=\"1277\" src=\"https:\/\/bluestarplanning.com\/wp-content\/uploads\/2022\/11\/telemetry_v2.png\" class=\"attachment-full size-full\" alt=\"\" srcset=\"https:\/\/bluestarplanning.com\/wp-content\/uploads\/2022\/11\/telemetry_v2.png 1277w, https:\/\/bluestarplanning.com\/wp-content\/uploads\/2022\/11\/telemetry_v2-300x300.png 300w, https:\/\/bluestarplanning.com\/wp-content\/uploads\/2022\/11\/telemetry_v2-1024x1024.png 1024w, https:\/\/bluestarplanning.com\/wp-content\/uploads\/2022\/11\/telemetry_v2-150x150.png 150w, https:\/\/bluestarplanning.com\/wp-content\/uploads\/2022\/11\/telemetry_v2-768x768.png 768w, https:\/\/bluestarplanning.com\/wp-content\/uploads\/2022\/11\/telemetry_v2-600x600.png 600w, https:\/\/bluestarplanning.com\/wp-content\/uploads\/2022\/11\/telemetry_v2-1120x1120.png 1120w\" sizes=\"auto, (max-width: 1277px) 100vw, 1277px\" \/><\/div>[\/vc_column][\/vc_row][vc_row heading_color=&#8220;light&#8220; bg_type=&#8220;color&#8220; flex_height=&#8220;yes&#8220; font_color=&#8220;#ffffff&#8220; bg_color=&#8220;#202020&#8243; margin_bottom=&#8220;0&#8243; padding_top=&#8220;60&#8243; padding_bottom=&#8220;60&#8243;][vc_column width=&#8220;1\/2&#8243;][vc_column_text animation=&#8220;fadeInRight&#8220; animation_delay=&#8220;50&#8243;]<\/p>\n<h2>Blaue Akademie<\/h2>\n<p>Unsere Software-Plattform ist einfach zu bedienen und zu erlernen. Sie ist so einfach, dass man sie w\u00e4hrend der Arbeit erlernen kann. Um es aber noch einfacher zu machen, haben wir unsere Blue Academy automatisch f\u00fcr alle verf\u00fcgbar gemacht, die sich gerne im Voraus vorbereiten.<\/p>\n<p>Blue Academy wurde als Plattform geschaffen, die Ihnen hilft, die Gesch\u00e4ftslogik besser zu verstehen und Ihre Implementierung zu \u00e4ndern. Technische Dokumentation, Anleitungsvideos und andere Ressourcen sind hier verf\u00fcgbar.[\/vc_column_text][\/vc_column][vc_column width=&#8220;1\/2&#8243;][vc_column_text animation=&#8220;fadeInRight&#8220; animation_delay=&#8220;50&#8243;]<\/p>\n<h2>Integration der Blue Star-Plattform<\/h2>\n<p>Unsere Planungs- und Dispositionssoftware-Plattform ist das R\u00fcckgrat unseres Unternehmens. Besonders stolz sind wir auf die umfangreiche Liste der APIs der Plattform, die eine weitreichende Integration in bestehende Software- und Hardwareumgebungen erm\u00f6glicht.<\/p>\n<p>Dar\u00fcber hinaus verf\u00fcgt jeder Implementierungspartner \u00fcber eine pers\u00f6nliche, ma\u00dfgeschneiderte Umgebung, in der er seine Datens\u00e4tze nutzt und visualisiert. Da alle Informationen in der Cloud gespeichert sind, k\u00f6nnen Sie jederzeit und von jedem Ort aus darauf zugreifen.[\/vc_column_text][\/vc_column][\/vc_row][vc_row bg_type=&#8220;color&#8220; flex_height=&#8220;yes&#8220; middle_content=&#8220;yes&#8220; bg_color=&#8220;#121b43&#8243; padding_top=&#8220;60&#8243; padding_bottom=&#8220;60&#8243; margin_bottom=&#8220;0&#8243;][vc_column width=&#8220;1\/2&#8243;][vc_column_text animation=&#8220;fadeInLeft&#8220; animation_delay=&#8220;50&#8243;]<\/p>\n<h3>Schnelle und kosteng\u00fcnstige Integration<\/h3>\n<p>Unsere Low-Code-Plattform Blue Star Planning ist so konzipiert, dass sie sich schnell in Ihre bestehende Umgebung integrieren l\u00e4sst. Umfassende APIs erm\u00f6glichen die Integration mit allen Funktionen, die unsere Plattform bietet. Dies erm\u00f6glicht eine kosteng\u00fcnstige und schnelle Integration bei gleichzeitiger Beibehaltung aller Anpassungsm\u00f6glichkeiten f\u00fcr Ihre Produktion. Aufgrund der umfassenden Konnektivit\u00e4t gehen wir bei den Planungs- und Dispositionsdiensten mehrere Schritte weiter. Deshalb haben wir unsere Integrationsschritte in vier verschiedene Abschnitte unterteilt, die wir S\u00e4ulen nennen.[\/vc_column_text][\/vc_column][vc_column width=&#8220;1\/2&#8243;]<div class=\"eut-element eut-image eut-animated-item eut-fadeInLeft eut-align-center\" style=\"\" data-delay=\"50\"><img loading=\"lazy\" decoding=\"async\" width=\"1809\" height=\"1065\" src=\"https:\/\/bluestarplanning.com\/wp-content\/uploads\/2022\/04\/Screenshot-2022-03-03-114132.jpg\" class=\"attachment-full size-full\" alt=\"\" srcset=\"https:\/\/bluestarplanning.com\/wp-content\/uploads\/2022\/04\/Screenshot-2022-03-03-114132.jpg 1809w, https:\/\/bluestarplanning.com\/wp-content\/uploads\/2022\/04\/Screenshot-2022-03-03-114132-300x177.jpg 300w, https:\/\/bluestarplanning.com\/wp-content\/uploads\/2022\/04\/Screenshot-2022-03-03-114132-1024x603.jpg 1024w, https:\/\/bluestarplanning.com\/wp-content\/uploads\/2022\/04\/Screenshot-2022-03-03-114132-768x452.jpg 768w, https:\/\/bluestarplanning.com\/wp-content\/uploads\/2022\/04\/Screenshot-2022-03-03-114132-1536x904.jpg 1536w, https:\/\/bluestarplanning.com\/wp-content\/uploads\/2022\/04\/Screenshot-2022-03-03-114132-600x353.jpg 600w\" sizes=\"auto, (max-width: 1809px) 100vw, 1809px\" \/><\/div>[\/vc_column][\/vc_row][vc_row section_type=&#8220;fullwidth-element&#8220; footer_feature=&#8220;yes&#8220; flex_height=&#8220;yes&#8220; section_id=&#8220;pillars&#8220; margin_bottom=&#8220;0&#8243; padding_top=&#8220;0&#8243;][vc_column width=&#8220;1\/4&#8243; tablet_sm_width=&#8220;1&#8243; css=&#8220;.vc_custom_1668502658131{padding-top: 3% !important;padding-right: 3% !important;padding-bottom: 3% !important;padding-left: 3% !important;background-color: #202020 !important;}&#8220;]<div class=\"eut-element eut-box eut-align-left\" style=\"\"><div class=\"eut-media\"><img loading=\"lazy\" decoding=\"async\" width=\"2560\" height=\"1495\" src=\"https:\/\/bluestarplanning.com\/wp-content\/uploads\/2022\/04\/03_saule1-1-scaled.jpg\" class=\"attachment-full size-full\" alt=\"\" srcset=\"https:\/\/bluestarplanning.com\/wp-content\/uploads\/2022\/04\/03_saule1-1-scaled.jpg 2560w, https:\/\/bluestarplanning.com\/wp-content\/uploads\/2022\/04\/03_saule1-1-300x175.jpg 300w, https:\/\/bluestarplanning.com\/wp-content\/uploads\/2022\/04\/03_saule1-1-1024x598.jpg 1024w, https:\/\/bluestarplanning.com\/wp-content\/uploads\/2022\/04\/03_saule1-1-768x448.jpg 768w, https:\/\/bluestarplanning.com\/wp-content\/uploads\/2022\/04\/03_saule1-1-1536x897.jpg 1536w, https:\/\/bluestarplanning.com\/wp-content\/uploads\/2022\/04\/03_saule1-1-1920x1121.jpg 1920w, https:\/\/bluestarplanning.com\/wp-content\/uploads\/2022\/04\/03_saule1-1-600x350.jpg 600w\" sizes=\"auto, (max-width: 2560px) 100vw, 2560px\" \/><\/div>  <div class=\"eut-box-content\">    <p><\/p>  <\/div><\/div><div class=\"eut-element eut-slogan eut-align-left\" style=\"\"><div class=\"eut-subtitle\">Integrierte automatische Festlegung der Reihenfolge<\/div><h4 class=\"eut-slogan-title eut-align-left eut-title-no-line\"><span>1. S\u00e4ule<\/span><\/h4>  <p class=\"\">Out-of-the-box bietet Blue Star Planning eine integrierte Softwarel\u00f6sung zur Automatisierung Ihrer Produktionsplanung. Fortschrittliche Algorithmen ermitteln eine optimale Produktionsreihenfolge f\u00fcr jede Maschine und zwischen allen Abteilungen. Planvorschl\u00e4ge werden automatisch erstellt und Was-w\u00e4re-wenn-Szenarien k\u00f6nnen durchgespielt werden. So sind Sie schnell mit einer besseren Produktionsplanung einsatzbereit.<\/p><\/div>[\/vc_column][vc_column width=&#8220;1\/4&#8243; tablet_sm_width=&#8220;1&#8243; css=&#8220;.vc_custom_1668502651841{padding-top: 3% !important;padding-right: 3% !important;padding-bottom: 3% !important;padding-left: 3% !important;background-color: #202020 !important;}&#8220;]<div class=\"eut-element eut-box eut-align-left\" style=\"\"><div class=\"eut-media\"><img loading=\"lazy\" decoding=\"async\" width=\"2560\" height=\"1497\" src=\"https:\/\/bluestarplanning.com\/wp-content\/uploads\/2022\/04\/04_saule2-scaled.jpg\" class=\"attachment-full size-full\" alt=\"\" srcset=\"https:\/\/bluestarplanning.com\/wp-content\/uploads\/2022\/04\/04_saule2-scaled.jpg 2560w, https:\/\/bluestarplanning.com\/wp-content\/uploads\/2022\/04\/04_saule2-300x175.jpg 300w, https:\/\/bluestarplanning.com\/wp-content\/uploads\/2022\/04\/04_saule2-1024x599.jpg 1024w, https:\/\/bluestarplanning.com\/wp-content\/uploads\/2022\/04\/04_saule2-768x449.jpg 768w, https:\/\/bluestarplanning.com\/wp-content\/uploads\/2022\/04\/04_saule2-1536x898.jpg 1536w, https:\/\/bluestarplanning.com\/wp-content\/uploads\/2022\/04\/04_saule2-1920x1123.jpg 1920w, https:\/\/bluestarplanning.com\/wp-content\/uploads\/2022\/04\/04_saule2-600x351.jpg 600w\" sizes=\"auto, (max-width: 2560px) 100vw, 2560px\" \/><\/div>  <div class=\"eut-box-content\">    <p><\/p>  <\/div><\/div><div class=\"eut-element eut-slogan eut-align-left\" style=\"\"><div class=\"eut-subtitle\">Optimale Gliederung zur Produktivit\u00e4tssteigerung<\/div><h4 class=\"eut-slogan-title eut-align-left eut-title-no-line\"><span>2. S\u00e4ule<\/span><\/h4>  <p class=\"\">Eine optimale Produktionsplanung ber\u00fccksichtigt die richtige Kombination von Produktionsauftr\u00e4gen auf jeder Maschine. Bei Bedarf werden Produktionsdaten angereichert und Kombinationen richtig berechnet. K\u00fcrzere R\u00fcstzeiten, weniger Materialverbrauch. So geht die Optimierung der Produktionsplanung noch weiter.<\/p><\/div>[\/vc_column][vc_column width=&#8220;1\/4&#8243; tablet_sm_width=&#8220;1&#8243; css=&#8220;.vc_custom_1661168884222{padding-top: 3% !important;padding-right: 3% !important;padding-bottom: 3% !important;padding-left: 3% !important;}&#8220;]<div class=\"eut-element eut-box eut-align-left\" style=\"\"><div class=\"eut-media\"><img loading=\"lazy\" decoding=\"async\" width=\"2560\" height=\"1497\" src=\"https:\/\/bluestarplanning.com\/wp-content\/uploads\/2022\/04\/05_saule3-scaled.jpg\" class=\"attachment-full size-full\" alt=\"\" srcset=\"https:\/\/bluestarplanning.com\/wp-content\/uploads\/2022\/04\/05_saule3-scaled.jpg 2560w, https:\/\/bluestarplanning.com\/wp-content\/uploads\/2022\/04\/05_saule3-300x175.jpg 300w, https:\/\/bluestarplanning.com\/wp-content\/uploads\/2022\/04\/05_saule3-1024x599.jpg 1024w, https:\/\/bluestarplanning.com\/wp-content\/uploads\/2022\/04\/05_saule3-768x449.jpg 768w, https:\/\/bluestarplanning.com\/wp-content\/uploads\/2022\/04\/05_saule3-1536x898.jpg 1536w, https:\/\/bluestarplanning.com\/wp-content\/uploads\/2022\/04\/05_saule3-1920x1123.jpg 1920w, https:\/\/bluestarplanning.com\/wp-content\/uploads\/2022\/04\/05_saule3-600x351.jpg 600w\" sizes=\"auto, (max-width: 2560px) 100vw, 2560px\" \/><\/div>  <div class=\"eut-box-content\">    <p><\/p>  <\/div><\/div><div class=\"eut-element eut-slogan eut-align-left\" style=\"\"><div class=\"eut-subtitle\">Constraint Kit, Berechnen mit Abh\u00e4ngigkeiten<\/div><h4 class=\"eut-slogan-title eut-align-left eut-title-no-line\"><span>3. S\u00e4ule<\/span><\/h4>  <p class=\"\">Der Schl\u00fcssel zu einer guten Produktionsplanung ist die Ber\u00fccksichtigung aller Abh\u00e4ngigkeiten bei der Festlegung von Produktionsabl\u00e4ufen. Dazu geh\u00f6rt neben dem Liefertermin von Artikeln auch die Verf\u00fcgbarkeit von Werkzeugen und Materialien. Wann kommen die Rohstoffe an und wie verteilen Sie diese an die verschiedenen Kunden? Diese Einschr\u00e4nkungen werden alle ber\u00fccksichtigt, wenn ein Planungsvorschlag generiert wird.<\/p><\/div>[\/vc_column][vc_column width=&#8220;1\/4&#8243; tablet_sm_width=&#8220;1&#8243; css=&#8220;.vc_custom_1661168895015{padding-top: 3% !important;padding-right: 3% !important;padding-bottom: 3% !important;padding-left: 3% !important;}&#8220;]<div class=\"eut-element eut-box eut-align-left\" style=\"\"><div class=\"eut-media\"><img loading=\"lazy\" decoding=\"async\" width=\"2560\" height=\"1495\" src=\"https:\/\/bluestarplanning.com\/wp-content\/uploads\/2022\/04\/06_saule4-scaled.jpg\" class=\"attachment-full size-full\" alt=\"\" srcset=\"https:\/\/bluestarplanning.com\/wp-content\/uploads\/2022\/04\/06_saule4-scaled.jpg 2560w, https:\/\/bluestarplanning.com\/wp-content\/uploads\/2022\/04\/06_saule4-300x175.jpg 300w, https:\/\/bluestarplanning.com\/wp-content\/uploads\/2022\/04\/06_saule4-1024x598.jpg 1024w, https:\/\/bluestarplanning.com\/wp-content\/uploads\/2022\/04\/06_saule4-768x448.jpg 768w, https:\/\/bluestarplanning.com\/wp-content\/uploads\/2022\/04\/06_saule4-1536x897.jpg 1536w, https:\/\/bluestarplanning.com\/wp-content\/uploads\/2022\/04\/06_saule4-1920x1121.jpg 1920w, https:\/\/bluestarplanning.com\/wp-content\/uploads\/2022\/04\/06_saule4-600x350.jpg 600w\" sizes=\"auto, (max-width: 2560px) 100vw, 2560px\" \/><\/div>  <div class=\"eut-box-content\">    <p><\/p>  <\/div><\/div><div class=\"eut-element eut-slogan eut-align-left\" style=\"\"><div class=\"eut-subtitle\">Registrierung und tiefe \u00dcberwachung in Echtzeit<\/div><h4 class=\"eut-slogan-title eut-align-left eut-title-no-line\"><span>4. S\u00e4ule<\/span><\/h4>  <p class=\"\">Die Festlegung einer guten Planreihenfolge ist der erste Schritt zu einer effizienten Produktion. Der Produktionsfortschritt kann auch durch Echtzeitregistrierungen \u00fcberwacht werden. Prognosen und Signalisierungen werden dann m\u00f6glich und Sie k\u00f6nnen den Produktionsfortschritt wirklich \u201e\u00fcberblicken\u201c!<br \/>\nF\u00fcr noch mehr Durchblick sorgt die Shopfloor-Steuerung. Diese Leistungsdaten k\u00f6nnen f\u00fcr Einblicke in den Shopfloor, aber auch f\u00fcr maschinelles Lernen und eine noch bessere Planung verwendet werden. Auf diese Weise unterst\u00fctzen wir kontinuierliche Verbesserung und operative Exzellenz.<\/p><\/div>[\/vc_column][\/vc_row]<\/p>\n","protected":false},"excerpt":{"rendered":"<p>[vc_row heading_color=&#8220;light&#8220; bg_type=&#8220;color&#8220; header_feature=&#8220;yes&#8220; flex_height=&#8220;yes&#8220; middle_content=&#8220;yes&#8220; font_color=&#8220;#ffffff&#8220; margin_bottom=&#8220;0&#8243;][vc_column width=&#8220;1\/2&#8243;][vc_column_text animation=&#8220;fadeInRight&#8220; animation_delay=&#8220;50&#8243;] Ihr Gesch\u00e4ft ankurbeln Dank unserer Spezialisierung auf die Produktionsplanung und unseres vielseitigen Hintergrunds verf\u00fcgt unser Team \u00fcber ein umfassendes Verst\u00e4ndnis f\u00fcr erg\u00e4nzende Dienstleistungen. Zus\u00e4tzlich zu unseren eigenen Algorithmen bieten wir eine breite Palette von Dienstleistungen an, zum Beispiel: Datenvisualisierung und Prognose Beratung zur Produktionsoptimierung [&hellip;]<\/p>\n","protected":false},"author":1,"featured_media":0,"parent":0,"menu_order":0,"comment_status":"closed","ping_status":"closed","template":"","meta":{"footnotes":""},"class_list":["post-7321","page","type-page","status-publish","hentry"],"_links":{"self":[{"href":"https:\/\/bluestarplanning.com\/de\/wp-json\/wp\/v2\/pages\/7321","targetHints":{"allow":["GET"]}}],"collection":[{"href":"https:\/\/bluestarplanning.com\/de\/wp-json\/wp\/v2\/pages"}],"about":[{"href":"https:\/\/bluestarplanning.com\/de\/wp-json\/wp\/v2\/types\/page"}],"author":[{"embeddable":true,"href":"https:\/\/bluestarplanning.com\/de\/wp-json\/wp\/v2\/users\/1"}],"replies":[{"embeddable":true,"href":"https:\/\/bluestarplanning.com\/de\/wp-json\/wp\/v2\/comments?post=7321"}],"version-history":[{"count":5,"href":"https:\/\/bluestarplanning.com\/de\/wp-json\/wp\/v2\/pages\/7321\/revisions"}],"predecessor-version":[{"id":7858,"href":"https:\/\/bluestarplanning.com\/de\/wp-json\/wp\/v2\/pages\/7321\/revisions\/7858"}],"wp:attachment":[{"href":"https:\/\/bluestarplanning.com\/de\/wp-json\/wp\/v2\/media?parent=7321"}],"curies":[{"name":"wp","href":"https:\/\/api.w.org\/{rel}","templated":true}]}}