{"id":7319,"date":"2015-09-02T10:15:05","date_gmt":"2015-09-02T08:15:05","guid":{"rendered":"https:\/\/bluestarplanning.com\/?page_id=7319"},"modified":"2023-03-06T10:40:21","modified_gmt":"2023-03-06T09:40:21","slug":"plattform","status":"publish","type":"page","link":"https:\/\/bluestarplanning.com\/de\/plattform\/","title":{"rendered":"Plattform"},"content":{"rendered":"<p>[vc_row heading_color=&#8220;light&#8220; bg_type=&#8220;color&#8220; header_feature=&#8220;yes&#8220; font_color=&#8220;#ffffff&#8220; bg_color=&#8220;#121b43&#8243; padding_top=&#8220;0&#8243; padding_bottom=&#8220;3%&#8220;][vc_column]<div class=\"eut-element eut-image eut-animated-item eut-fadeInUp eut-align-center\" style=\"\" data-delay=\"50\"><img loading=\"lazy\" decoding=\"async\" width=\"1024\" height=\"274\" src=\"https:\/\/bluestarplanning.com\/wp-content\/uploads\/2022\/04\/7-aps-modules-Horizontaal-WHITE-1024x274.png\" class=\"attachment-large size-large\" alt=\"\" srcset=\"https:\/\/bluestarplanning.com\/wp-content\/uploads\/2022\/04\/7-aps-modules-Horizontaal-WHITE-1024x274.png 1024w, https:\/\/bluestarplanning.com\/wp-content\/uploads\/2022\/04\/7-aps-modules-Horizontaal-WHITE-300x80.png 300w, https:\/\/bluestarplanning.com\/wp-content\/uploads\/2022\/04\/7-aps-modules-Horizontaal-WHITE-768x206.png 768w, https:\/\/bluestarplanning.com\/wp-content\/uploads\/2022\/04\/7-aps-modules-Horizontaal-WHITE-1536x411.png 1536w, https:\/\/bluestarplanning.com\/wp-content\/uploads\/2022\/04\/7-aps-modules-Horizontaal-WHITE-1920x514.png 1920w, https:\/\/bluestarplanning.com\/wp-content\/uploads\/2022\/04\/7-aps-modules-Horizontaal-WHITE-600x161.png 600w\" sizes=\"auto, (max-width: 1024px) 100vw, 1024px\" \/><\/div>[\/vc_column][\/vc_row][vc_row][vc_column width=&#8220;1\/2&#8243;][vc_column_text animation=&#8220;fadeInRight&#8220; animation_delay=&#8220;50&#8243;]F\u00fcr die automatisierte Planung werden viele Details aus dem bestehenden Umfeld in die Software geladen, damit die richtigen Variablen, Abh\u00e4ngigkeiten und Berechnungen ber\u00fccksichtigt werden k\u00f6nnen. Mit einer intelligenten Softwareplattform, die so viel wie m\u00f6glich automatisiert und manuelle Eingriffe auf ein Minimum reduziert.<\/p>\n<p>Typische Optimierungen und die daf\u00fcr ben\u00f6tigten Daten, unterteilt in sogenannte S\u00e4ulen. Diese S\u00e4ulen bilden das Setup f\u00fcr die Implementierung, Integration und verf\u00fcgbare Optimierung.[\/vc_column_text][\/vc_column][vc_column width=&#8220;1\/2&#8243;][vc_column_text animation=&#8220;fadeInRight&#8220; animation_delay=&#8220;50&#8243;]Um schnell mit einer besseren Planung beginnen zu k\u00f6nnen, haben wir eine Plattform entwickelt, die sofort mit Ihrem Datensatz loslegen kann:<\/p>\n<ol>\n<li>Von diesem ersten Schritt an werden schnell mehr Verbindungen hergestellt, die Daten angereichert und die Planung st\u00e4ndig verbessert<\/li>\n<li>Eine bessere Planung mit unserer Plattform beginnt mit der automatischen Ermittlung von Planungsauftr\u00e4gen. Planung mit Algorithmen<\/li>\n<li>Eine vollst\u00e4ndige Implementierung zeigt Produktionsdaten an, liefert Einblicke in Echtzeit und sorgt f\u00fcr Sicherheit in jeder Abteilung<\/li>\n<\/ol>\n<p>[\/vc_column_text][\/vc_column][\/vc_row][vc_row][vc_column]<div class=\"eut-element eut-gallery eut-isotope eut-gallery-popup eut-with-gap\" style=\"\" data-columns=\"5\" data-columns-tablet-landscape=\"2\" data-columns-tablet-portrait=\"2\" data-columns-mobile=\"1\" data-layout=\"fitRows\">  <div class=\"eut-isotope-container\"><div class=\"eut-isotope-item \"><a href=\"https:\/\/bluestarplanning.com\/wp-content\/uploads\/2022\/04\/03_saule1-1-1920x1121.jpg\">    <figure class=\"eut-image-hover eut-zoom-none\">      <div class=\"eut-media eut-dark-overlay eut-opacity-10\"><img loading=\"lazy\" decoding=\"async\" width=\"1024\" height=\"598\" src=\"https:\/\/bluestarplanning.com\/wp-content\/uploads\/2022\/04\/03_saule1-1-1024x598.jpg\" class=\"attachment-large size-large\" alt=\"\" srcset=\"https:\/\/bluestarplanning.com\/wp-content\/uploads\/2022\/04\/03_saule1-1-1024x598.jpg 1024w, https:\/\/bluestarplanning.com\/wp-content\/uploads\/2022\/04\/03_saule1-1-300x175.jpg 300w, https:\/\/bluestarplanning.com\/wp-content\/uploads\/2022\/04\/03_saule1-1-768x448.jpg 768w, https:\/\/bluestarplanning.com\/wp-content\/uploads\/2022\/04\/03_saule1-1-1536x897.jpg 1536w, https:\/\/bluestarplanning.com\/wp-content\/uploads\/2022\/04\/03_saule1-1-1920x1121.jpg 1920w, https:\/\/bluestarplanning.com\/wp-content\/uploads\/2022\/04\/03_saule1-1-600x350.jpg 600w\" sizes=\"auto, (max-width: 1024px) 100vw, 1024px\" \/>      <\/div>      <figcaption>      <\/figcaption>    <\/figure><\/a><\/div><div class=\"eut-isotope-item \"><a href=\"https:\/\/bluestarplanning.com\/wp-content\/uploads\/2022\/04\/04_saule2-1920x1123.jpg\">    <figure class=\"eut-image-hover eut-zoom-none\">      <div class=\"eut-media eut-dark-overlay eut-opacity-10\"><img loading=\"lazy\" decoding=\"async\" width=\"1024\" height=\"599\" src=\"https:\/\/bluestarplanning.com\/wp-content\/uploads\/2022\/04\/04_saule2-1024x599.jpg\" class=\"attachment-large size-large\" alt=\"\" srcset=\"https:\/\/bluestarplanning.com\/wp-content\/uploads\/2022\/04\/04_saule2-1024x599.jpg 1024w, https:\/\/bluestarplanning.com\/wp-content\/uploads\/2022\/04\/04_saule2-300x175.jpg 300w, https:\/\/bluestarplanning.com\/wp-content\/uploads\/2022\/04\/04_saule2-768x449.jpg 768w, https:\/\/bluestarplanning.com\/wp-content\/uploads\/2022\/04\/04_saule2-1536x898.jpg 1536w, https:\/\/bluestarplanning.com\/wp-content\/uploads\/2022\/04\/04_saule2-1920x1123.jpg 1920w, https:\/\/bluestarplanning.com\/wp-content\/uploads\/2022\/04\/04_saule2-600x351.jpg 600w\" sizes=\"auto, (max-width: 1024px) 100vw, 1024px\" \/>      <\/div>      <figcaption>      <\/figcaption>    <\/figure><\/a><\/div><div class=\"eut-isotope-item \"><a href=\"https:\/\/bluestarplanning.com\/wp-content\/uploads\/2022\/04\/05_saule3-1920x1123.jpg\">    <figure class=\"eut-image-hover eut-zoom-none\">      <div class=\"eut-media eut-dark-overlay eut-opacity-10\"><img loading=\"lazy\" decoding=\"async\" width=\"1024\" height=\"599\" src=\"https:\/\/bluestarplanning.com\/wp-content\/uploads\/2022\/04\/05_saule3-1024x599.jpg\" class=\"attachment-large size-large\" alt=\"\" srcset=\"https:\/\/bluestarplanning.com\/wp-content\/uploads\/2022\/04\/05_saule3-1024x599.jpg 1024w, https:\/\/bluestarplanning.com\/wp-content\/uploads\/2022\/04\/05_saule3-300x175.jpg 300w, https:\/\/bluestarplanning.com\/wp-content\/uploads\/2022\/04\/05_saule3-768x449.jpg 768w, https:\/\/bluestarplanning.com\/wp-content\/uploads\/2022\/04\/05_saule3-1536x898.jpg 1536w, https:\/\/bluestarplanning.com\/wp-content\/uploads\/2022\/04\/05_saule3-1920x1123.jpg 1920w, https:\/\/bluestarplanning.com\/wp-content\/uploads\/2022\/04\/05_saule3-600x351.jpg 600w\" sizes=\"auto, (max-width: 1024px) 100vw, 1024px\" \/>      <\/div>      <figcaption>      <\/figcaption>    <\/figure><\/a><\/div><div class=\"eut-isotope-item \"><a href=\"https:\/\/bluestarplanning.com\/wp-content\/uploads\/2022\/04\/06_saule4-1920x1121.jpg\">    <figure class=\"eut-image-hover eut-zoom-none\">      <div class=\"eut-media eut-dark-overlay eut-opacity-10\"><img loading=\"lazy\" decoding=\"async\" width=\"1024\" height=\"598\" src=\"https:\/\/bluestarplanning.com\/wp-content\/uploads\/2022\/04\/06_saule4-1024x598.jpg\" class=\"attachment-large size-large\" alt=\"\" srcset=\"https:\/\/bluestarplanning.com\/wp-content\/uploads\/2022\/04\/06_saule4-1024x598.jpg 1024w, https:\/\/bluestarplanning.com\/wp-content\/uploads\/2022\/04\/06_saule4-300x175.jpg 300w, https:\/\/bluestarplanning.com\/wp-content\/uploads\/2022\/04\/06_saule4-768x448.jpg 768w, https:\/\/bluestarplanning.com\/wp-content\/uploads\/2022\/04\/06_saule4-1536x897.jpg 1536w, https:\/\/bluestarplanning.com\/wp-content\/uploads\/2022\/04\/06_saule4-1920x1121.jpg 1920w, https:\/\/bluestarplanning.com\/wp-content\/uploads\/2022\/04\/06_saule4-600x350.jpg 600w\" sizes=\"auto, (max-width: 1024px) 100vw, 1024px\" \/>      <\/div>      <figcaption>      <\/figcaption>    <\/figure><\/a><\/div><div class=\"eut-isotope-item \"><a href=\"https:\/\/bluestarplanning.com\/wp-content\/uploads\/2022\/04\/Screenshot-2022-03-03-114132.jpg\">    <figure class=\"eut-image-hover eut-zoom-none\">      <div class=\"eut-media eut-dark-overlay eut-opacity-10\"><img loading=\"lazy\" decoding=\"async\" width=\"1024\" height=\"603\" src=\"https:\/\/bluestarplanning.com\/wp-content\/uploads\/2022\/04\/Screenshot-2022-03-03-114132-1024x603.jpg\" class=\"attachment-large size-large\" alt=\"\" srcset=\"https:\/\/bluestarplanning.com\/wp-content\/uploads\/2022\/04\/Screenshot-2022-03-03-114132-1024x603.jpg 1024w, https:\/\/bluestarplanning.com\/wp-content\/uploads\/2022\/04\/Screenshot-2022-03-03-114132-300x177.jpg 300w, https:\/\/bluestarplanning.com\/wp-content\/uploads\/2022\/04\/Screenshot-2022-03-03-114132-768x452.jpg 768w, https:\/\/bluestarplanning.com\/wp-content\/uploads\/2022\/04\/Screenshot-2022-03-03-114132-1536x904.jpg 1536w, https:\/\/bluestarplanning.com\/wp-content\/uploads\/2022\/04\/Screenshot-2022-03-03-114132-600x353.jpg 600w, https:\/\/bluestarplanning.com\/wp-content\/uploads\/2022\/04\/Screenshot-2022-03-03-114132.jpg 1809w\" sizes=\"auto, (max-width: 1024px) 100vw, 1024px\" \/>      <\/div>      <figcaption>      <\/figcaption>    <\/figure><\/a><\/div>  <\/div><\/div>[\/vc_column][\/vc_row][vc_row][vc_column]<h3 class=\"eut-element eut-align-left eut-title-no-line eut-animated-item eut-fadeInLeft\" style=\"\" data-delay=\"50\"><span>Planungsvorschl\u00e4ge<\/span><\/h3>[vc_row_inner][vc_column_inner width=&#8220;1\/2&#8243;][vc_column_text animation=&#8220;fadeInLeft&#8220; animation_delay=&#8220;50&#8243;]<span class=\"JLqJ4b ChMk0b\" data-language-for-alternatives=\"de\" data-language-to-translate-into=\"en\" data-phrase-index=\"2\" data-number-of-phrases=\"9\"><span class=\"Q4iAWc\">Kernst\u00fcck der Plattform ist die automatische Erstellung von Planungsvorschl\u00e4gen.<\/span><\/span>\u00a0<span class=\"JLqJ4b ChMk0b\" data-language-for-alternatives=\"de\" data-language-to-translate-into=\"en\" data-phrase-index=\"3\" data-number-of-phrases=\"9\"><span class=\"Q4iAWc\">Das bedeutet, dass wir Ihre Planungsabteilung bei der Erstellung eines neuen Produktionsplans unterst\u00fctzen, ohne in Ihre Live-Umgebung einzugreifen.<\/span><\/span><\/p>\n<p><span class=\"JLqJ4b ChMk0b\" data-language-for-alternatives=\"de\" data-language-to-translate-into=\"en\" data-phrase-index=\"5\" data-number-of-phrases=\"9\"><span class=\"Q4iAWc\">Ein Planungsvorschlag ist schnell erstellt.<\/span><\/span>\u00a0<span class=\"JLqJ4b ChMk0b\" data-language-for-alternatives=\"de\" data-language-to-translate-into=\"en\" data-phrase-index=\"6\" data-number-of-phrases=\"9\"><span class=\"Q4iAWc\">Anstatt manuell zu r\u00e4tseln, berechnet die Plattform die effizienteste Sequenzierung von Produktionsauftr\u00e4gen f\u00fcr die Abteilungen Ihrer Fabrik.<\/span><\/span>\u00a0<span class=\"JLqJ4b ChMk0b\" data-language-for-alternatives=\"de\" data-language-to-translate-into=\"en\" data-phrase-index=\"7\" data-number-of-phrases=\"9\"><span class=\"Q4iAWc\">Der Planer passt sich dann an, um noch mehr zuzuschneiden.<\/span><\/span>\u00a0<span class=\"JLqJ4b ChMk0b\" data-language-for-alternatives=\"de\" data-language-to-translate-into=\"en\" data-phrase-index=\"8\" data-number-of-phrases=\"9\"><span class=\"Q4iAWc\">Erst nach Annahme des Planungsvorschlags werden die \u00c4nderungen in Ihre Live-Umgebung \u00fcbertragen, um jede Abteilung \u00fcber den Produktionsplan auf dem Laufenden zu halten.<\/span><\/span>[\/vc_column_text][\/vc_column_inner][vc_column_inner width=&#8220;1\/2&#8243;]<div class=\"eut-element eut-box eut-align-left eut-animated-item eut-fadeInLeft\" style=\"\" data-delay=\"50\"><div class=\"eut-media\"><img loading=\"lazy\" decoding=\"async\" width=\"2560\" height=\"1495\" src=\"https:\/\/bluestarplanning.com\/wp-content\/uploads\/2022\/04\/03_saule1-1-scaled.jpg\" class=\"attachment-full size-full\" alt=\"\" srcset=\"https:\/\/bluestarplanning.com\/wp-content\/uploads\/2022\/04\/03_saule1-1-scaled.jpg 2560w, https:\/\/bluestarplanning.com\/wp-content\/uploads\/2022\/04\/03_saule1-1-300x175.jpg 300w, https:\/\/bluestarplanning.com\/wp-content\/uploads\/2022\/04\/03_saule1-1-1024x598.jpg 1024w, https:\/\/bluestarplanning.com\/wp-content\/uploads\/2022\/04\/03_saule1-1-768x448.jpg 768w, https:\/\/bluestarplanning.com\/wp-content\/uploads\/2022\/04\/03_saule1-1-1536x897.jpg 1536w, https:\/\/bluestarplanning.com\/wp-content\/uploads\/2022\/04\/03_saule1-1-1920x1121.jpg 1920w, https:\/\/bluestarplanning.com\/wp-content\/uploads\/2022\/04\/03_saule1-1-600x350.jpg 600w\" sizes=\"auto, (max-width: 2560px) 100vw, 2560px\" \/><\/div>  <div class=\"eut-box-content\">    <p><\/p>  <\/div><\/div>[\/vc_column_inner][\/vc_row_inner][\/vc_column][\/vc_row][vc_row][vc_column]<h3 class=\"eut-element eut-align-right eut-title-no-line eut-animated-item eut-fadeInRight\" style=\"\" data-delay=\"50\"><span>Produkt Konfiguration<\/span><\/h3>[vc_row_inner][vc_column_inner width=&#8220;1\/2&#8243;]<div class=\"eut-element eut-box eut-align-left eut-animated-item eut-fadeInRight\" style=\"\" data-delay=\"50\"><div class=\"eut-media\"><img loading=\"lazy\" decoding=\"async\" width=\"2560\" height=\"1497\" src=\"https:\/\/bluestarplanning.com\/wp-content\/uploads\/2022\/04\/04_saule2-scaled.jpg\" class=\"attachment-full size-full\" alt=\"\" srcset=\"https:\/\/bluestarplanning.com\/wp-content\/uploads\/2022\/04\/04_saule2-scaled.jpg 2560w, https:\/\/bluestarplanning.com\/wp-content\/uploads\/2022\/04\/04_saule2-300x175.jpg 300w, https:\/\/bluestarplanning.com\/wp-content\/uploads\/2022\/04\/04_saule2-1024x599.jpg 1024w, https:\/\/bluestarplanning.com\/wp-content\/uploads\/2022\/04\/04_saule2-768x449.jpg 768w, https:\/\/bluestarplanning.com\/wp-content\/uploads\/2022\/04\/04_saule2-1536x898.jpg 1536w, https:\/\/bluestarplanning.com\/wp-content\/uploads\/2022\/04\/04_saule2-1920x1123.jpg 1920w, https:\/\/bluestarplanning.com\/wp-content\/uploads\/2022\/04\/04_saule2-600x351.jpg 600w\" sizes=\"auto, (max-width: 2560px) 100vw, 2560px\" \/><\/div>  <div class=\"eut-box-content\">    <p><\/p>  <\/div><\/div>[\/vc_column_inner][vc_column_inner width=&#8220;1\/2&#8243;][vc_column_text animation=&#8220;fadeInRight&#8220; animation_delay=&#8220;50&#8243;]Blue Star Planning verwendet und wiederverwendet alle Daten, die es aus Ihren bestehenden Softwaresystemen und Ihrer Produktionsumgebung erhalten kann. Diese Daten richten den Produktkonfigurator automatisch ein. Dieses fortschrittliche Tool reichert die eingehenden Daten an.<\/p>\n<p>Basiererd auf dieser Datenanreicherung werden bessere Vorkalkulationen durchgef\u00fchrt. So wird eine effiziente Sequenzierung eingerichtet, f\u00fcr weniger Einrichtungszeit in Ihrer Fabrik und weniger Rohmaterialverbrauch.[\/vc_column_text][\/vc_column_inner][\/vc_row_inner][\/vc_column][\/vc_row][vc_row][vc_column]<h3 class=\"eut-element eut-align-left eut-title-no-line eut-animated-item eut-fadeInLeft\" style=\"\" data-delay=\"50\"><span>Plan Engine<\/span><\/h3>[vc_row_inner][vc_column_inner width=&#8220;1\/2&#8243;][vc_column_text animation=&#8220;fadeInLeft&#8220; animation_delay=&#8220;50&#8243;]Um den effizientesten Produktionsplan zu erstellen, nutzen wir Cloud-Rechenleistung. Mit unseren Constraint-basierten Planungsalgorithmen unterst\u00fctzen wir Ihren Planer bei der Planung von Produktionsauftr\u00e4gen im Handumdrehen, die sonst den ganzen Morgen oder Tag in Anspruch nehmen w\u00fcrden.<\/p>\n<p>Mit Sperrzeiten lassen wir Ihren aktuellen Zeitplan in Ruhe. Durch die Arbeit mit Was-w\u00e4re-wenn-Szenarien k\u00f6nnen Sie Zeitpl\u00e4ne neu anordnen oder Kapazit\u00e4ten hinzuf\u00fcgen. Rohstoffverf\u00fcgbarkeit und Kundenpr\u00e4ferenzen werden automatisch bei der Berechnung neuer Produktionsabl\u00e4ufe ber\u00fccksichtigt.[\/vc_column_text][\/vc_column_inner][vc_column_inner width=&#8220;1\/2&#8243;]<div class=\"eut-element eut-box eut-align-left eut-animated-item eut-fadeInLeft\" style=\"\" data-delay=\"50\"><div class=\"eut-media\"><img loading=\"lazy\" decoding=\"async\" width=\"2733\" height=\"1608\" src=\"https:\/\/bluestarplanning.com\/wp-content\/uploads\/2022\/04\/Screenshot-2022-04-11-222038.png\" class=\"attachment-full size-full\" alt=\"\" srcset=\"https:\/\/bluestarplanning.com\/wp-content\/uploads\/2022\/04\/Screenshot-2022-04-11-222038.png 2733w, https:\/\/bluestarplanning.com\/wp-content\/uploads\/2022\/04\/Screenshot-2022-04-11-222038-300x177.png 300w, https:\/\/bluestarplanning.com\/wp-content\/uploads\/2022\/04\/Screenshot-2022-04-11-222038-1024x602.png 1024w, https:\/\/bluestarplanning.com\/wp-content\/uploads\/2022\/04\/Screenshot-2022-04-11-222038-768x452.png 768w, https:\/\/bluestarplanning.com\/wp-content\/uploads\/2022\/04\/Screenshot-2022-04-11-222038-1536x904.png 1536w, https:\/\/bluestarplanning.com\/wp-content\/uploads\/2022\/04\/Screenshot-2022-04-11-222038-1920x1130.png 1920w, https:\/\/bluestarplanning.com\/wp-content\/uploads\/2022\/04\/Screenshot-2022-04-11-222038-600x353.png 600w\" sizes=\"auto, (max-width: 2733px) 100vw, 2733px\" \/><\/div>  <div class=\"eut-box-content\">    <p><\/p>  <\/div><\/div>[\/vc_column_inner][\/vc_row_inner][\/vc_column][\/vc_row][vc_row][vc_column]<h3 class=\"eut-element eut-align-right eut-title-no-line eut-animated-item eut-fadeInRight\" style=\"\" data-delay=\"50\"><span>Workflow-Automatisierung und Konnektoren<\/span><\/h3>[vc_row_inner][vc_column_inner width=&#8220;1\/2&#8243;]<div class=\"eut-element eut-box eut-align-left eut-animated-item eut-fadeInRight\" style=\"\" data-delay=\"50\"><div class=\"eut-media\"><img loading=\"lazy\" decoding=\"async\" width=\"1809\" height=\"1065\" src=\"https:\/\/bluestarplanning.com\/wp-content\/uploads\/2022\/04\/Screenshot-2022-03-03-114132.jpg\" class=\"attachment-full size-full\" alt=\"\" srcset=\"https:\/\/bluestarplanning.com\/wp-content\/uploads\/2022\/04\/Screenshot-2022-03-03-114132.jpg 1809w, https:\/\/bluestarplanning.com\/wp-content\/uploads\/2022\/04\/Screenshot-2022-03-03-114132-300x177.jpg 300w, https:\/\/bluestarplanning.com\/wp-content\/uploads\/2022\/04\/Screenshot-2022-03-03-114132-1024x603.jpg 1024w, https:\/\/bluestarplanning.com\/wp-content\/uploads\/2022\/04\/Screenshot-2022-03-03-114132-768x452.jpg 768w, https:\/\/bluestarplanning.com\/wp-content\/uploads\/2022\/04\/Screenshot-2022-03-03-114132-1536x904.jpg 1536w, https:\/\/bluestarplanning.com\/wp-content\/uploads\/2022\/04\/Screenshot-2022-03-03-114132-600x353.jpg 600w\" sizes=\"auto, (max-width: 1809px) 100vw, 1809px\" \/><\/div>  <div class=\"eut-box-content\">    <p><\/p>  <\/div><\/div>[\/vc_column_inner][vc_column_inner width=&#8220;1\/2&#8243;][vc_column_text animation=&#8220;fadeInRight&#8220; animation_delay=&#8220;50&#8243;]Blue Star Planning erleichtert die Anbindung an Ihre vorhandene Software- und Hardwareumgebung. Die vorhandenen Konnektoren binden sich sofort in Ihre Umgebung ein. Spezielle Konnektoren werden von uns gebaut, um neue Konnektoren verf\u00fcgbar zu machen.<\/p>\n<p>Mit der Workflow Engine k\u00f6nnen Sie Konnektoren und Automatisierung einfach verwalten. Ihre IT-Abteilung und Ihre Ingenieure sparen viel Zeit bei der Verwaltung der Plattform, der Verbindung zu unseren APIs und der Einrichtung der Automatisierung.[\/vc_column_text][\/vc_column_inner][\/vc_row_inner][\/vc_column][\/vc_row]<\/p>\n","protected":false},"excerpt":{"rendered":"<p>[vc_row heading_color=&#8220;light&#8220; bg_type=&#8220;color&#8220; header_feature=&#8220;yes&#8220; font_color=&#8220;#ffffff&#8220; bg_color=&#8220;#121b43&#8243; padding_top=&#8220;0&#8243; padding_bottom=&#8220;3%&#8220;][vc_column][\/vc_column][\/vc_row][vc_row][vc_column width=&#8220;1\/2&#8243;][vc_column_text animation=&#8220;fadeInRight&#8220; animation_delay=&#8220;50&#8243;]F\u00fcr die automatisierte Planung werden viele Details aus dem bestehenden Umfeld in die Software geladen, damit die richtigen Variablen, Abh\u00e4ngigkeiten und Berechnungen ber\u00fccksichtigt werden k\u00f6nnen. Mit einer intelligenten Softwareplattform, die so viel wie m\u00f6glich automatisiert und manuelle Eingriffe auf ein Minimum reduziert. Typische Optimierungen und [&hellip;]<\/p>\n","protected":false},"author":1,"featured_media":0,"parent":0,"menu_order":0,"comment_status":"closed","ping_status":"closed","template":"","meta":{"footnotes":""},"class_list":["post-7319","page","type-page","status-publish","hentry"],"_links":{"self":[{"href":"https:\/\/bluestarplanning.com\/de\/wp-json\/wp\/v2\/pages\/7319","targetHints":{"allow":["GET"]}}],"collection":[{"href":"https:\/\/bluestarplanning.com\/de\/wp-json\/wp\/v2\/pages"}],"about":[{"href":"https:\/\/bluestarplanning.com\/de\/wp-json\/wp\/v2\/types\/page"}],"author":[{"embeddable":true,"href":"https:\/\/bluestarplanning.com\/de\/wp-json\/wp\/v2\/users\/1"}],"replies":[{"embeddable":true,"href":"https:\/\/bluestarplanning.com\/de\/wp-json\/wp\/v2\/comments?post=7319"}],"version-history":[{"count":5,"href":"https:\/\/bluestarplanning.com\/de\/wp-json\/wp\/v2\/pages\/7319\/revisions"}],"predecessor-version":[{"id":7856,"href":"https:\/\/bluestarplanning.com\/de\/wp-json\/wp\/v2\/pages\/7319\/revisions\/7856"}],"wp:attachment":[{"href":"https:\/\/bluestarplanning.com\/de\/wp-json\/wp\/v2\/media?parent=7319"}],"curies":[{"name":"wp","href":"https:\/\/api.w.org\/{rel}","templated":true}]}}